{"id":2118,"date":"2023-09-13T12:41:29","date_gmt":"2023-09-13T10:41:29","guid":{"rendered":"https:\/\/ariaman.es\/residentiel\/villa-a-la-moraleja\/"},"modified":"2023-10-19T12:58:45","modified_gmt":"2023-10-19T10:58:45","slug":"villa-a-la-moraleja","status":"publish","type":"page","link":"https:\/\/ariaman.es\/fr\/residentiel\/villa-a-la-moraleja\/","title":{"rendered":"Villa \u00e0 La Moraleja"},"content":{"rendered":"<p>[et_pb_section fb_built=\u00a0\u00bb1&Prime; _builder_version=\u00a0\u00bb4.22.2&Prime; _module_preset=\u00a0\u00bbdefault\u00a0\u00bb background_color=\u00a0\u00bbrgba(0,0,0,0.46)\u00a0\u00bb background_image=\u00a0\u00bbhttps:\/\/ariaman.es\/wp-content\/uploads\/2023\/09\/ariaman-salon-negro-portada.jpg\u00a0\u00bb background_blend=\u00a0\u00bbdarken\u00a0\u00bb height=\u00a0\u00bb50vh\u00a0\u00bb hover_enabled=\u00a0\u00bb0&Prime; locked=\u00a0\u00bboff\u00a0\u00bb global_colors_info=\u00a0\u00bb{}\u00a0\u00bb disabled_on=\u00a0\u00bbon|off|off\u00a0\u00bb sticky_enabled=\u00a0\u00bb0&Prime;][et_pb_row _builder_version=\u00a0\u00bb4.22.1&Prime; _module_preset=\u00a0\u00bbdefault\u00a0\u00bb width_tablet=\u00a0\u00bb80%\u00a0\u00bb width_phone=\u00a0\u00bb80%\u00a0\u00bb width_last_edited=\u00a0\u00bbon|phone\u00a0\u00bb max_width=\u00a0\u00bb950px\u00a0\u00bb custom_margin=\u00a0\u00bb|auto||auto|false|false\u00a0\u00bb animation_style=\u00a0\u00bbslide\u00a0\u00bb animation_direction=\u00a0\u00bbleft\u00a0\u00bb global_colors_info=\u00a0\u00bb{}\u00a0\u00bb][et_pb_column type=\u00a0\u00bb4_4&Prime; _builder_version=\u00a0\u00bb4.19.4&Prime; _module_preset=\u00a0\u00bbdefault\u00a0\u00bb global_colors_info=\u00a0\u00bb{}\u00a0\u00bb][et_pb_text _builder_version=\u00a0\u00bb4.22.2&Prime; _module_preset=\u00a0\u00bbdefault\u00a0\u00bb text_font=\u00a0\u00bb|||on|||||\u00a0\u00bb text_text_color=\u00a0\u00bb#FFFFFF\u00a0\u00bb header_2_font=\u00a0\u00bb|600|||||||\u00a0\u00bb header_2_text_align=\u00a0\u00bbleft\u00a0\u00bb header_2_text_color=\u00a0\u00bb#FFFFFF\u00a0\u00bb header_2_font_size=\u00a0\u00bb60px\u00a0\u00bb header_3_font=\u00a0\u00bb|300|||||||\u00a0\u00bb header_3_text_align=\u00a0\u00bbleft\u00a0\u00bb header_3_text_color=\u00a0\u00bb#FFFFFF\u00a0\u00bb header_3_font_size=\u00a0\u00bb30px\u00a0\u00bb background_enable_color=\u00a0\u00bboff\u00a0\u00bb custom_margin=\u00a0\u00bb20vh||||false|false\u00a0\u00bb custom_margin_tablet=\u00a0\u00bb15vh||||false|false\u00a0\u00bb custom_margin_phone=\u00a0\u00bb13vh||||false|false\u00a0\u00bb custom_margin_last_edited=\u00a0\u00bbon|phone\u00a0\u00bb custom_padding=\u00a0\u00bb2vh|2vh|2vh|2vh|false|true\u00a0\u00bb custom_padding_tablet=\u00a0\u00bb2vh|2vh|2vh|2vh|false|true\u00a0\u00bb custom_padding_phone=\u00a0\u00bb2vh|2vh|1vh|2vh|false|true\u00a0\u00bb custom_padding_last_edited=\u00a0\u00bbon|phone\u00a0\u00bb hover_enabled=\u00a0\u00bb0&Prime; header_2_font_size_tablet=\u00a0\u00bb55px\u00a0\u00bb header_2_font_size_phone=\u00a0\u00bb47px\u00a0\u00bb header_2_font_size_last_edited=\u00a0\u00bbon|phone\u00a0\u00bb border_width_left=\u00a0\u00bb5px\u00a0\u00bb border_color_left=\u00a0\u00bbgcid-176431ec-785b-4e77-8811-5daeeb1746f9&Prime; global_colors_info=\u00a0\u00bb{%22gcid-176431ec-785b-4e77-8811-5daeeb1746f9%22:%91%22background_color%22,%22border_color_left%22,%22background_color%22,%22border_color_left%22%93}\u00a0\u00bb sticky_enabled=\u00a0\u00bb0&Prime;]<\/p>\n<h2>Villa \u00e0 La Moraleja<\/h2>\n<h3>R\u00e9sidentiel<\/h3>\n<p>[\/et_pb_text][\/et_pb_column][\/et_pb_row][\/et_pb_section][et_pb_section fb_built=\u00a0\u00bb1&Prime; disabled_on=\u00a0\u00bboff|on|on\u00a0\u00bb _builder_version=\u00a0\u00bb4.22.2&Prime; _module_preset=\u00a0\u00bbdefault\u00a0\u00bb background_color=\u00a0\u00bbrgba(0,0,0,0.46)\u00a0\u00bb background_image=\u00a0\u00bbhttps:\/\/ariaman.es\/wp-content\/uploads\/2023\/09\/ariaman-salon-negro-portada.jpg\u00a0\u00bb background_blend=\u00a0\u00bbdarken\u00a0\u00bb height=\u00a0\u00bb50vh\u00a0\u00bb hover_enabled=\u00a0\u00bb0&Prime; global_colors_info=\u00a0\u00bb{}\u00a0\u00bb theme_builder_area=\u00a0\u00bbpost_content\u00a0\u00bb alt=\u00a0\u00bbChalet en La Moraleja\u00a0\u00bb title_text=\u00a0\u00bbChalet en La Moraleja\u00a0\u00bb sticky_enabled=\u00a0\u00bb0&Prime;][et_pb_row _builder_version=\u00a0\u00bb4.22.1&Prime; _module_preset=\u00a0\u00bbdefault\u00a0\u00bb max_width=\u00a0\u00bb100%\u00a0\u00bb custom_margin=\u00a0\u00bb-1%|auto|-1%|auto|true|false\u00a0\u00bb animation_style=\u00a0\u00bbslide\u00a0\u00bb animation_direction=\u00a0\u00bbleft\u00a0\u00bb global_colors_info=\u00a0\u00bb{}\u00a0\u00bb theme_builder_area=\u00a0\u00bbpost_content\u00a0\u00bb][et_pb_column type=\u00a0\u00bb4_4&Prime; _builder_version=\u00a0\u00bb4.19.4&Prime; _module_preset=\u00a0\u00bbdefault\u00a0\u00bb global_colors_info=\u00a0\u00bb{}\u00a0\u00bb theme_builder_area=\u00a0\u00bbpost_content\u00a0\u00bb][et_pb_text _builder_version=\u00a0\u00bb4.22.2&Prime; _module_preset=\u00a0\u00bbdefault\u00a0\u00bb text_font=\u00a0\u00bb|||on|||||\u00a0\u00bb text_text_color=\u00a0\u00bb#FFFFFF\u00a0\u00bb header_2_font=\u00a0\u00bb|600|||||||\u00a0\u00bb header_2_text_align=\u00a0\u00bbleft\u00a0\u00bb header_2_text_color=\u00a0\u00bb#FFFFFF\u00a0\u00bb header_2_font_size=\u00a0\u00bb35px\u00a0\u00bb header_3_font=\u00a0\u00bb|300|||||||\u00a0\u00bb header_3_text_align=\u00a0\u00bbleft\u00a0\u00bb header_3_text_color=\u00a0\u00bb#FFFFFF\u00a0\u00bb header_3_font_size=\u00a0\u00bb30px\u00a0\u00bb background_enable_color=\u00a0\u00bboff\u00a0\u00bb custom_margin=\u00a0\u00bb10vh||||false|false\u00a0\u00bb custom_padding=\u00a0\u00bb2vh|2vh|2vh|2vh|true|true\u00a0\u00bb hover_enabled=\u00a0\u00bb0&Prime; border_width_left=\u00a0\u00bb5px\u00a0\u00bb border_color_left=\u00a0\u00bbgcid-176431ec-785b-4e77-8811-5daeeb1746f9&Prime; global_colors_info=\u00a0\u00bb{%22gcid-176431ec-785b-4e77-8811-5daeeb1746f9%22:%91%22background_color%22,%22border_color_left%22,%22background_color%22,%22border_color_left%22%93}\u00a0\u00bb theme_builder_area=\u00a0\u00bbpost_content\u00a0\u00bb sticky_enabled=\u00a0\u00bb0&Prime;]<\/p>\n<h2>Villa \u00e0 La Moraleja<\/h2>\n<h3>R\u00e9sidentiel<\/h3>\n<p>[\/et_pb_text][\/et_pb_column][\/et_pb_row][\/et_pb_section][et_pb_section fb_built=\u00a0\u00bb1&Prime; _builder_version=\u00a0\u00bb4.22.1&Prime; _module_preset=\u00a0\u00bbdefault\u00a0\u00bb custom_padding=\u00a0\u00bb||81px|||\u00a0\u00bb locked=\u00a0\u00bboff\u00a0\u00bb global_colors_info=\u00a0\u00bb{}\u00a0\u00bb][et_pb_row _builder_version=\u00a0\u00bb4.22.1&Prime; _module_preset=\u00a0\u00bbdefault\u00a0\u00bb custom_padding=\u00a0\u00bb||0px||false|false\u00a0\u00bb global_colors_info=\u00a0\u00bb{}\u00a0\u00bb][et_pb_column type=\u00a0\u00bb4_4&Prime; _builder_version=\u00a0\u00bb4.22.1&Prime; _module_preset=\u00a0\u00bbdefault\u00a0\u00bb global_colors_info=\u00a0\u00bb{}\u00a0\u00bb][et_pb_image src=\u00a0\u00bbhttps:\/\/ariaman.es\/wp-content\/uploads\/2023\/09\/ariaman-salon-negro-1.jpg\u00a0\u00bb alt=\u00a0\u00bbSalon noir\u00a0\u00bb title_text=\u00a0\u00bbSalon noir\u00a0\u00bb align=\u00a0\u00bbcenter\u00a0\u00bb _builder_version=\u00a0\u00bb4.22.1&Prime; _module_preset=\u00a0\u00bbdefault\u00a0\u00bb width=\u00a0\u00bb95%\u00a0\u00bb width_tablet=\u00a0\u00bb90%\u00a0\u00bb width_phone=\u00a0\u00bb90%\u00a0\u00bb width_last_edited=\u00a0\u00bbon|phone\u00a0\u00bb module_alignment=\u00a0\u00bbcenter\u00a0\u00bb global_colors_info=\u00a0\u00bb{}\u00a0\u00bb][\/et_pb_image][\/et_pb_column][\/et_pb_row][et_pb_row custom_padding_last_edited=\u00a0\u00bboff|tablet\u00a0\u00bb _builder_version=\u00a0\u00bb4.22.1&Prime; _module_preset=\u00a0\u00bbdefault\u00a0\u00bb background_color=\u00a0\u00bbgcid-176431ec-785b-4e77-8811-5daeeb1746f9&Prime; custom_margin=\u00a0\u00bb-50px||||false|false\u00a0\u00bb custom_padding=\u00a0\u00bb0px||0px||false|false\u00a0\u00bb locked=\u00a0\u00bboff\u00a0\u00bb global_colors_info=\u00a0\u00bb{%22gcid-176431ec-785b-4e77-8811-5daeeb1746f9%22:%91%22background_color%22%93}\u00a0\u00bb][et_pb_column type=\u00a0\u00bb4_4&Prime; _builder_version=\u00a0\u00bb4.22.1&Prime; _module_preset=\u00a0\u00bbdefault\u00a0\u00bb global_colors_info=\u00a0\u00bb{}\u00a0\u00bb][et_pb_divider show_divider=\u00a0\u00bboff\u00a0\u00bb _builder_version=\u00a0\u00bb4.22.1&Prime; _module_preset=\u00a0\u00bbdefault\u00a0\u00bb height=\u00a0\u00bb50px\u00a0\u00bb height_tablet=\u00a0\u00bb45px\u00a0\u00bb height_phone=\u00a0\u00bb40px\u00a0\u00bb height_last_edited=\u00a0\u00bbon|phone\u00a0\u00bb custom_padding=\u00a0\u00bb0px|||||\u00a0\u00bb global_colors_info=\u00a0\u00bb{}\u00a0\u00bb][\/et_pb_divider][\/et_pb_column][\/et_pb_row][\/et_pb_section][et_pb_section fb_built=\u00a0\u00bb1&Prime; _builder_version=\u00a0\u00bb4.22.1&Prime; _module_preset=\u00a0\u00bbdefault\u00a0\u00bb custom_padding=\u00a0\u00bb0px||90px||false|false\u00a0\u00bb locked=\u00a0\u00bboff\u00a0\u00bb global_colors_info=\u00a0\u00bb{}\u00a0\u00bb][et_pb_row column_structure=\u00a0\u00bb1_3,1_3,1_3&Prime; use_custom_gutter=\u00a0\u00bbon\u00a0\u00bb make_equal=\u00a0\u00bbon\u00a0\u00bb _builder_version=\u00a0\u00bb4.22.1&Prime; _module_preset=\u00a0\u00bbdefault\u00a0\u00bb width=\u00a0\u00bb100%\u00a0\u00bb max_width=\u00a0\u00bb90%\u00a0\u00bb global_colors_info=\u00a0\u00bb{}\u00a0\u00bb][et_pb_column type=\u00a0\u00bb1_3&Prime; _builder_version=\u00a0\u00bb4.22.1&Prime; _module_preset=\u00a0\u00bbdefault\u00a0\u00bb global_colors_info=\u00a0\u00bb{}\u00a0\u00bb][et_pb_image src=\u00a0\u00bbhttps:\/\/ariaman.es\/wp-content\/uploads\/2023\/09\/ariaman-salon-negro-3.jpg\u00a0\u00bb alt=\u00a0\u00bbVilla \u00e0 La Moraleja\u00a0\u00bb title_text=\u00a0\u00bbVilla \u00e0 La Moraleja\u00a0\u00bb align=\u00a0\u00bbcenter\u00a0\u00bb _builder_version=\u00a0\u00bb4.22.1&Prime; _module_preset=\u00a0\u00bbdefault\u00a0\u00bb global_colors_info=\u00a0\u00bb{}\u00a0\u00bb][\/et_pb_image][\/et_pb_column][et_pb_column type=\u00a0\u00bb1_3&Prime; _builder_version=\u00a0\u00bb4.22.1&Prime; _module_preset=\u00a0\u00bbdefault\u00a0\u00bb global_colors_info=\u00a0\u00bb{}\u00a0\u00bb][et_pb_image src=\u00a0\u00bbhttps:\/\/ariaman.es\/wp-content\/uploads\/2023\/09\/ariaman-salon-negro-4.jpg\u00a0\u00bb alt=\u00a0\u00bbVilla \u00e0 La Moraleja\u00a0\u00bb title_text=\u00a0\u00bbVilla \u00e0 La Moraleja\u00a0\u00bb align=\u00a0\u00bbcenter\u00a0\u00bb _builder_version=\u00a0\u00bb4.22.1&Prime; _module_preset=\u00a0\u00bbdefault\u00a0\u00bb global_colors_info=\u00a0\u00bb{}\u00a0\u00bb][\/et_pb_image][\/et_pb_column][et_pb_column type=\u00a0\u00bb1_3&Prime; _builder_version=\u00a0\u00bb4.22.1&Prime; _module_preset=\u00a0\u00bbdefault\u00a0\u00bb global_colors_info=\u00a0\u00bb{}\u00a0\u00bb][et_pb_image src=\u00a0\u00bbhttps:\/\/ariaman.es\/wp-content\/uploads\/2023\/09\/ariaman-salon-negro-5.jpg\u00a0\u00bb alt=\u00a0\u00bbVilla \u00e0 La Moraleja\u00a0\u00bb title_text=\u00a0\u00bbVilla \u00e0 La Moraleja\u00a0\u00bb align=\u00a0\u00bbcenter\u00a0\u00bb _builder_version=\u00a0\u00bb4.22.1&Prime; _module_preset=\u00a0\u00bbdefault\u00a0\u00bb global_colors_info=\u00a0\u00bb{}\u00a0\u00bb][\/et_pb_image][\/et_pb_column][\/et_pb_row][\/et_pb_section]<\/p>\n","protected":false},"excerpt":{"rendered":"<p>Villa \u00e0 La Moraleja R\u00e9sidentielVilla \u00e0 La Moraleja R\u00e9sidentiel<\/p>\n","protected":false},"author":1,"featured_media":0,"parent":1941,"menu_order":0,"comment_status":"closed","ping_status":"closed","template":"","meta":{"_et_pb_use_builder":"on","_et_pb_old_content":"","_et_gb_content_width":"","footnotes":""},"class_list":["post-2118","page","type-page","status-publish","hentry"],"yoast_head":"<!-- This site is optimized with the Yoast SEO Premium plugin v24.9 (Yoast SEO v27.2) - https:\/\/yoast.com\/product\/yoast-seo-premium-wordpress\/ -->\n<title>Villa \u00e0 La Moraleja | Ariaman Ebanister\u00eda Avanzada<\/title>\n<meta name=\"robots\" content=\"index, follow, max-snippet:-1, max-image-preview:large, max-video-preview:-1\" \/>\n<link rel=\"canonical\" href=\"https:\/\/ariaman.es\/fr\/residentiel\/villa-a-la-moraleja\/\" \/>\n<meta property=\"og:locale\" content=\"fr_FR\" \/>\n<meta property=\"og:type\" content=\"article\" \/>\n<meta property=\"og:title\" content=\"Villa \u00e0 La Moraleja\" \/>\n<meta property=\"og:description\" content=\"Villa \u00e0 La Moraleja R\u00e9sidentielVilla \u00e0 La Moraleja R\u00e9sidentiel\" \/>\n<meta property=\"og:url\" content=\"https:\/\/ariaman.es\/fr\/residentiel\/villa-a-la-moraleja\/\" \/>\n<meta property=\"og:site_name\" content=\"Ariaman\" \/>\n<meta property=\"article:modified_time\" content=\"2023-10-19T10:58:45+00:00\" \/>\n<meta name=\"twitter:card\" content=\"summary_large_image\" \/>\n<meta name=\"twitter:label1\" content=\"Dur\u00e9e de lecture estim\u00e9e\" \/>\n\t<meta name=\"twitter:data1\" content=\"4 minutes\" \/>\n<script type=\"application\/ld+json\" class=\"yoast-schema-graph\">{\"@context\":\"https:\/\/schema.org\",\"@graph\":[{\"@type\":\"WebPage\",\"@id\":\"https:\/\/ariaman.es\/fr\/residentiel\/villa-a-la-moraleja\/\",\"url\":\"https:\/\/ariaman.es\/fr\/residentiel\/villa-a-la-moraleja\/\",\"name\":\"Villa \u00e0 La Moraleja | Ariaman Ebanister\u00eda Avanzada\",\"isPartOf\":{\"@id\":\"https:\/\/ariaman.es\/fr\/#website\"},\"datePublished\":\"2023-09-13T10:41:29+00:00\",\"dateModified\":\"2023-10-19T10:58:45+00:00\",\"breadcrumb\":{\"@id\":\"https:\/\/ariaman.es\/fr\/residentiel\/villa-a-la-moraleja\/#breadcrumb\"},\"inLanguage\":\"fr-FR\",\"potentialAction\":[{\"@type\":\"ReadAction\",\"target\":[\"https:\/\/ariaman.es\/fr\/residentiel\/villa-a-la-moraleja\/\"]}]},{\"@type\":\"BreadcrumbList\",\"@id\":\"https:\/\/ariaman.es\/fr\/residentiel\/villa-a-la-moraleja\/#breadcrumb\",\"itemListElement\":[{\"@type\":\"ListItem\",\"position\":1,\"name\":\"Home\",\"item\":\"https:\/\/ariaman.es\/fr\/\"},{\"@type\":\"ListItem\",\"position\":2,\"name\":\"R\u00e9sidentiel\",\"item\":\"https:\/\/ariaman.es\/fr\/residentiel\/\"},{\"@type\":\"ListItem\",\"position\":3,\"name\":\"Villa \u00e0 La Moraleja\"}]},{\"@type\":\"WebSite\",\"@id\":\"https:\/\/ariaman.es\/fr\/#website\",\"url\":\"https:\/\/ariaman.es\/fr\/\",\"name\":\"Ariaman Ebanister\u00eda Avanzada\",\"description\":\"Ebanister\u00eda Avanzada en Madrid\",\"potentialAction\":[{\"@type\":\"SearchAction\",\"target\":{\"@type\":\"EntryPoint\",\"urlTemplate\":\"https:\/\/ariaman.es\/fr\/?s={search_term_string}\"},\"query-input\":{\"@type\":\"PropertyValueSpecification\",\"valueRequired\":true,\"valueName\":\"search_term_string\"}}],\"inLanguage\":\"fr-FR\"}]}<\/script>\n<!-- \/ Yoast SEO Premium plugin. -->","yoast_head_json":{"title":"Villa \u00e0 La Moraleja | Ariaman Ebanister\u00eda Avanzada","robots":{"index":"index","follow":"follow","max-snippet":"max-snippet:-1","max-image-preview":"max-image-preview:large","max-video-preview":"max-video-preview:-1"},"canonical":"https:\/\/ariaman.es\/fr\/residentiel\/villa-a-la-moraleja\/","og_locale":"fr_FR","og_type":"article","og_title":"Villa \u00e0 La Moraleja","og_description":"Villa \u00e0 La Moraleja R\u00e9sidentielVilla \u00e0 La Moraleja R\u00e9sidentiel","og_url":"https:\/\/ariaman.es\/fr\/residentiel\/villa-a-la-moraleja\/","og_site_name":"Ariaman","article_modified_time":"2023-10-19T10:58:45+00:00","twitter_card":"summary_large_image","twitter_misc":{"Dur\u00e9e de lecture estim\u00e9e":"4 minutes"},"schema":{"@context":"https:\/\/schema.org","@graph":[{"@type":"WebPage","@id":"https:\/\/ariaman.es\/fr\/residentiel\/villa-a-la-moraleja\/","url":"https:\/\/ariaman.es\/fr\/residentiel\/villa-a-la-moraleja\/","name":"Villa \u00e0 La Moraleja | Ariaman Ebanister\u00eda Avanzada","isPartOf":{"@id":"https:\/\/ariaman.es\/fr\/#website"},"datePublished":"2023-09-13T10:41:29+00:00","dateModified":"2023-10-19T10:58:45+00:00","breadcrumb":{"@id":"https:\/\/ariaman.es\/fr\/residentiel\/villa-a-la-moraleja\/#breadcrumb"},"inLanguage":"fr-FR","potentialAction":[{"@type":"ReadAction","target":["https:\/\/ariaman.es\/fr\/residentiel\/villa-a-la-moraleja\/"]}]},{"@type":"BreadcrumbList","@id":"https:\/\/ariaman.es\/fr\/residentiel\/villa-a-la-moraleja\/#breadcrumb","itemListElement":[{"@type":"ListItem","position":1,"name":"Home","item":"https:\/\/ariaman.es\/fr\/"},{"@type":"ListItem","position":2,"name":"R\u00e9sidentiel","item":"https:\/\/ariaman.es\/fr\/residentiel\/"},{"@type":"ListItem","position":3,"name":"Villa \u00e0 La Moraleja"}]},{"@type":"WebSite","@id":"https:\/\/ariaman.es\/fr\/#website","url":"https:\/\/ariaman.es\/fr\/","name":"Ariaman Ebanister\u00eda Avanzada","description":"Ebanister\u00eda Avanzada en Madrid","potentialAction":[{"@type":"SearchAction","target":{"@type":"EntryPoint","urlTemplate":"https:\/\/ariaman.es\/fr\/?s={search_term_string}"},"query-input":{"@type":"PropertyValueSpecification","valueRequired":true,"valueName":"search_term_string"}}],"inLanguage":"fr-FR"}]}},"_links":{"self":[{"href":"https:\/\/ariaman.es\/fr\/wp-json\/wp\/v2\/pages\/2118","targetHints":{"allow":["GET"]}}],"collection":[{"href":"https:\/\/ariaman.es\/fr\/wp-json\/wp\/v2\/pages"}],"about":[{"href":"https:\/\/ariaman.es\/fr\/wp-json\/wp\/v2\/types\/page"}],"author":[{"embeddable":true,"href":"https:\/\/ariaman.es\/fr\/wp-json\/wp\/v2\/users\/1"}],"replies":[{"embeddable":true,"href":"https:\/\/ariaman.es\/fr\/wp-json\/wp\/v2\/comments?post=2118"}],"version-history":[{"count":2,"href":"https:\/\/ariaman.es\/fr\/wp-json\/wp\/v2\/pages\/2118\/revisions"}],"predecessor-version":[{"id":2120,"href":"https:\/\/ariaman.es\/fr\/wp-json\/wp\/v2\/pages\/2118\/revisions\/2120"}],"up":[{"embeddable":true,"href":"https:\/\/ariaman.es\/fr\/wp-json\/wp\/v2\/pages\/1941"}],"wp:attachment":[{"href":"https:\/\/ariaman.es\/fr\/wp-json\/wp\/v2\/media?parent=2118"}],"curies":[{"name":"wp","href":"https:\/\/api.w.org\/{rel}","templated":true}]}}