{"id":2025,"date":"2023-09-22T15:57:46","date_gmt":"2023-09-22T13:57:46","guid":{"rendered":"https:\/\/ariaman.es\/cookies\/"},"modified":"2023-10-19T12:15:36","modified_gmt":"2023-10-19T10:15:36","slug":"cookies","status":"publish","type":"page","link":"https:\/\/ariaman.es\/fr\/cookies\/","title":{"rendered":"Cookies"},"content":{"rendered":"<p>[et_pb_section fb_built=\u00a0\u00bb1&Prime; _builder_version=\u00a0\u00bb4.22.2&Prime; _module_preset=\u00a0\u00bbdefault\u00a0\u00bb background_color=\u00a0\u00bbrgba(0,0,0,0.46)\u00a0\u00bb background_image=\u00a0\u00bbhttps:\/\/ariaman.es\/wp-content\/uploads\/2023\/02\/imagen-full-2.jpg\u00a0\u00bb background_blend=\u00a0\u00bbdarken\u00a0\u00bb height=\u00a0\u00bb50vh\u00a0\u00bb global_colors_info=\u00a0\u00bb{}\u00a0\u00bb disabled_on=\u00a0\u00bbon|off|off\u00a0\u00bb][et_pb_row _builder_version=\u00a0\u00bb4.22.1&Prime; _module_preset=\u00a0\u00bbdefault\u00a0\u00bb width=\u00a0\u00bb50%\u00a0\u00bb custom_margin=\u00a0\u00bb|auto||auto|false|false\u00a0\u00bb animation_style=\u00a0\u00bbslide\u00a0\u00bb animation_direction=\u00a0\u00bbleft\u00a0\u00bb global_colors_info=\u00a0\u00bb{}\u00a0\u00bb][et_pb_column type=\u00a0\u00bb4_4&Prime; _builder_version=\u00a0\u00bb4.19.4&Prime; _module_preset=\u00a0\u00bbdefault\u00a0\u00bb global_colors_info=\u00a0\u00bb{}\u00a0\u00bb][et_pb_text _builder_version=\u00a0\u00bb4.22.1&Prime; _module_preset=\u00a0\u00bbdefault\u00a0\u00bb text_font=\u00a0\u00bb|||on|||||\u00a0\u00bb text_text_color=\u00a0\u00bb#FFFFFF\u00a0\u00bb header_2_font=\u00a0\u00bb|600|||||||\u00a0\u00bb header_2_text_align=\u00a0\u00bbleft\u00a0\u00bb header_2_text_color=\u00a0\u00bb#FFFFFF\u00a0\u00bb header_2_font_size=\u00a0\u00bb60px\u00a0\u00bb header_3_font=\u00a0\u00bb|300|||||||\u00a0\u00bb header_3_text_align=\u00a0\u00bbleft\u00a0\u00bb header_3_text_color=\u00a0\u00bb#FFFFFF\u00a0\u00bb header_3_font_size=\u00a0\u00bb30px\u00a0\u00bb background_enable_color=\u00a0\u00bboff\u00a0\u00bb custom_margin=\u00a0\u00bb20vh||||false|false\u00a0\u00bb custom_padding=\u00a0\u00bb2vh|2vh|2vh|2vh|true|true\u00a0\u00bb border_width_left=\u00a0\u00bb5px\u00a0\u00bb border_color_left=\u00a0\u00bbgcid-176431ec-785b-4e77-8811-5daeeb1746f9&Prime; global_colors_info=\u00a0\u00bb{%22gcid-176431ec-785b-4e77-8811-5daeeb1746f9%22:%91%22background_color%22,%22border_color_left%22,%22background_color%22,%22border_color_left%22%93}\u00a0\u00bb]<\/p>\n<h2>Cookies<\/h2>\n<p>[\/et_pb_text][\/et_pb_column][\/et_pb_row][\/et_pb_section][et_pb_section fb_built=\u00a0\u00bb1&Prime; disabled_on=\u00a0\u00bboff|on|on\u00a0\u00bb admin_label=\u00a0\u00bbSecci\u00f3n mov\u00a0\u00bb _builder_version=\u00a0\u00bb4.22.2&Prime; _module_preset=\u00a0\u00bbdefault\u00a0\u00bb background_color=\u00a0\u00bbrgba(0,0,0,0.46)\u00a0\u00bb background_image=\u00a0\u00bbhttps:\/\/ariaman.es\/wp-content\/uploads\/2023\/02\/imagen-full-2.jpg\u00a0\u00bb background_blend=\u00a0\u00bbdarken\u00a0\u00bb height=\u00a0\u00bb50vh\u00a0\u00bb global_colors_info=\u00a0\u00bb{}\u00a0\u00bb][et_pb_row _builder_version=\u00a0\u00bb4.22.1&Prime; _module_preset=\u00a0\u00bbdefault\u00a0\u00bb max_width=\u00a0\u00bb100%\u00a0\u00bb custom_margin=\u00a0\u00bb-1%|auto|-1%|auto|true|false\u00a0\u00bb animation_style=\u00a0\u00bbslide\u00a0\u00bb animation_direction=\u00a0\u00bbleft\u00a0\u00bb global_colors_info=\u00a0\u00bb{}\u00a0\u00bb][et_pb_column type=\u00a0\u00bb4_4&Prime; _builder_version=\u00a0\u00bb4.19.4&Prime; _module_preset=\u00a0\u00bbdefault\u00a0\u00bb global_colors_info=\u00a0\u00bb{}\u00a0\u00bb][et_pb_text _builder_version=\u00a0\u00bb4.22.2&Prime; _module_preset=\u00a0\u00bbdefault\u00a0\u00bb text_font=\u00a0\u00bb|||on|||||\u00a0\u00bb text_text_color=\u00a0\u00bb#FFFFFF\u00a0\u00bb header_2_font=\u00a0\u00bb|600|||||||\u00a0\u00bb header_2_text_align=\u00a0\u00bbleft\u00a0\u00bb header_2_text_color=\u00a0\u00bb#FFFFFF\u00a0\u00bb header_2_font_size=\u00a0\u00bb35px\u00a0\u00bb header_3_font=\u00a0\u00bb|300|||||||\u00a0\u00bb header_3_text_align=\u00a0\u00bbleft\u00a0\u00bb header_3_text_color=\u00a0\u00bb#FFFFFF\u00a0\u00bb header_3_font_size=\u00a0\u00bb30px\u00a0\u00bb background_enable_color=\u00a0\u00bboff\u00a0\u00bb custom_margin=\u00a0\u00bb20vh||||false|false\u00a0\u00bb custom_padding=\u00a0\u00bb2vh|2vh|2vh|2vh|true|true\u00a0\u00bb border_width_left=\u00a0\u00bb5px\u00a0\u00bb border_color_left=\u00a0\u00bbgcid-176431ec-785b-4e77-8811-5daeeb1746f9&Prime; global_colors_info=\u00a0\u00bb{%22gcid-176431ec-785b-4e77-8811-5daeeb1746f9%22:%91%22background_color%22,%22border_color_left%22,%22background_color%22,%22border_color_left%22%93}\u00a0\u00bb]<\/p>\n<h2>COOKIES<\/h2>\n<p>[\/et_pb_text][\/et_pb_column][\/et_pb_row][\/et_pb_section][et_pb_section fb_built=\u00a0\u00bb1&Prime; _builder_version=\u00a0\u00bb4.22.2&Prime; _module_preset=\u00a0\u00bbdefault\u00a0\u00bb global_colors_info=\u00a0\u00bb{}\u00a0\u00bb][et_pb_row _builder_version=\u00a0\u00bb4.22.2&Prime; _module_preset=\u00a0\u00bbdefault\u00a0\u00bb global_colors_info=\u00a0\u00bb{}\u00a0\u00bb][et_pb_column type=\u00a0\u00bb4_4&Prime; _builder_version=\u00a0\u00bb4.22.2&Prime; _module_preset=\u00a0\u00bbdefault\u00a0\u00bb global_colors_info=\u00a0\u00bb{}\u00a0\u00bb][et_pb_text _builder_version=\u00a0\u00bb4.22.2&Prime; _module_preset=\u00a0\u00bbdefault\u00a0\u00bb text_font_size=\u00a0\u00bb16px\u00a0\u00bb header_2_font=\u00a0\u00bb|700|||||||\u00a0\u00bb header_2_font_size=\u00a0\u00bb35px\u00a0\u00bb header_2_line_height=\u00a0\u00bb1.2em\u00a0\u00bb header_4_font=\u00a0\u00bb|300||on|||||\u00a0\u00bb header_4_font_size=\u00a0\u00bb26px\u00a0\u00bb header_4_line_height=\u00a0\u00bb1.5em\u00a0\u00bb custom_margin=\u00a0\u00bb|0px||0px|false|false\u00a0\u00bb custom_padding=\u00a0\u00bb0px||||false|false\u00a0\u00bb border_color_bottom=\u00a0\u00bbgcid-176431ec-785b-4e77-8811-5daeeb1746f9&Prime; border_color_left=\u00a0\u00bbgcid-176431ec-785b-4e77-8811-5daeeb1746f9&Prime; locked=\u00a0\u00bboff\u00a0\u00bb global_colors_info=\u00a0\u00bb{%22gcid-176431ec-785b-4e77-8811-5daeeb1746f9%22:%91%22border_color_left%22,%22border_color_bottom%22%93}\u00a0\u00bb]<\/p>\n<p>1. LE RESPONSABLE DU TRAITEMENT DES DONN\u00c9ES<\/p>\n<ul>\n<li>Identit\u00e9 : ARIAMAN DECO SERVICE, S.L. (ci-apr\u00e8s d\u00e9nomm\u00e9 le prestataire ou ARIAMAN)<\/li>\n<li>NUM\u00c9RO DE TVA : B44775088<\/li>\n<li>Adresse postale : Calle Hierro 9 puerta B de Colmenar Viejo (Madrid, Espagne)<\/li>\n<li>Courriel : info@ariaman.es<\/li>\n<\/ul>\n<p>Notre site web utilise des cookies et\/ou des technologies similaires qui stockent et r\u00e9cup\u00e8rent des informations lorsque vous naviguez. Ces technologies ont diverses finalit\u00e9s, comme l&rsquo;obtention d&rsquo;informations sur vos habitudes de navigation et l&rsquo;am\u00e9lioration de votre exp\u00e9rience, ou la personnalisation de l&rsquo;affichage du contenu. Les utilisations sp\u00e9cifiques que nous faisons de ces technologies sont d\u00e9crites ci-dessous.<\/p>\n<p>&nbsp;<\/p>\n<p>2. LES TYPES DE COOKIES UTILIS\u00c9S SUR CE SITE<\/p>\n<p>2.1 Cookies essentiels<\/p>\n<p>Ces cookies sont strictement n\u00e9cessaires \u00e0 la navigation sur le site Web, car ils permettent \u00e0 l&rsquo;utilisateur d&rsquo;en utiliser les fonctionnalit\u00e9s ou les outils, comme par exemple l&rsquo;identification de la session, l&rsquo;acc\u00e8s \u00e0 des zones d&rsquo;acc\u00e8s restreint, le stockage de contenus pour la diffusion de vid\u00e9os ou de sons, la configuration de la langue, entre autres. La d\u00e9sactivation de ces cookies emp\u00eache le bon fonctionnement de certaines fonctionnalit\u00e9s du site web.<\/p>\n<p>2.2 Cookies de pr\u00e9f\u00e9rence ou de personnalisation<\/p>\n<p>Il s&rsquo;agit de ceux qui permettent de m\u00e9moriser des informations afin que l&rsquo;utilisateur puisse acc\u00e9der au service avec certaines caract\u00e9ristiques qui peuvent diff\u00e9rencier son exp\u00e9rience de celle d&rsquo;autres utilisateurs, comme, par exemple, la langue, le nombre de r\u00e9sultats \u00e0 afficher lorsque l&rsquo;utilisateur effectue une recherche, l&rsquo;apparence ou le contenu du service en fonction du type de navigateur par lequel l&rsquo;utilisateur acc\u00e8de au service ou de la r\u00e9gion \u00e0 partir de laquelle l&rsquo;utilisateur acc\u00e8de au service, etc.<\/p>\n<p>2.3 Cookies analytiques de tiers<\/p>\n<p>Il s&rsquo;agit de cookies d&rsquo;analyse du trafic web. Nous utilisons Google Analytics : ils nous permettent de quantifier le nombre d&rsquo;utilisateurs et ainsi de r\u00e9aliser la mesure et l&rsquo;analyse statistique de l&rsquo;utilisation faite par les utilisateurs du service propos\u00e9. A cette fin, votre navigation sur notre site est analys\u00e9e afin d&rsquo;am\u00e9liorer la gamme de produits ou de services que nous vous proposons. Google garantit que les cookies install\u00e9s n&rsquo;incluent pas de donn\u00e9es personnelles et qu&rsquo;ils ne sont utilis\u00e9s que dans le but de collecter des informations pour mesurer les tendances de recherche, les pr\u00e9f\u00e9rences des utilisateurs, le fonctionnement du site, la publicit\u00e9 associ\u00e9e, la localisation de l&rsquo;utilisateur et autres.<\/p>\n<p>A cet \u00e9gard, il est important de rappeler que la collecte de ces informations sur l&rsquo;utilisation de notre site internet est effectu\u00e9e par Google lui-m\u00eame, en son nom propre, et que le responsable de ce site internet n&rsquo;a \u00e0 aucun moment acc\u00e8s \u00e0 ces informations. L&rsquo;exploitant de ce site ne peut consulter que les informations agr\u00e9g\u00e9es qui sont ensuite fournies par Google via Google Analytics et qui ne sont pas associ\u00e9es \u00e0 une adresse IP.<\/p>\n<p>Par cons\u00e9quent, c&rsquo;est directement Google qui d\u00e9termine l&rsquo;objectif du traitement et de l&rsquo;utilisation des informations collect\u00e9es par Google Analytics, ainsi que le fonctionnement et la dur\u00e9e du \u00ab\u00a0cookie\u00a0\u00bb.<\/p>\n<p>Pour plus d&rsquo;informations sur les cookies utilis\u00e9s par Google, vous pouvez consulter la page Types de cookies utilis\u00e9s par Google. Google fournit ses services conform\u00e9ment \u00e0 ses conditions g\u00e9n\u00e9rales et \u00e0 sa propre politique de confidentialit\u00e9.<\/p>\n<p>2.4 Cookies publicitaires<\/p>\n<p>Il s&rsquo;agit de ceux qui stockent des informations sur le comportement des utilisateurs, obtenues gr\u00e2ce \u00e0 l&rsquo;observation continue de leurs habitudes de navigation, ce qui permet de d\u00e9velopper un profil sp\u00e9cifique afin d&rsquo;afficher de la publicit\u00e9 bas\u00e9e sur ce profil.<\/p>\n<p>2.5 Liste des cookies utilis\u00e9s par le site<\/p>\n<p>3. CONSENTEMENT OU REFUS DES COOKIES<\/p>\n<p>Si vous n&rsquo;\u00eates pas d&rsquo;accord avec les cookies que notre site web utilise et qui collectent les informations susmentionn\u00e9es, vous pouvez refuser leur installation dans le panneau de configuration des cookies de ce site web. Ce panneau est accessible \u00e0 partir de la fen\u00eatre contextuelle Acceptation\/Param\u00e8tres des cookies lorsque vous acc\u00e9dez pour la premi\u00e8re fois au site web et, une fois que vous les avez d\u00e9finis, \u00e0 partir de l&rsquo;onglet \u00ab\u00a0Politique en mati\u00e8re de cookies\u00a0\u00bb, qui se trouve toujours dans le coin inf\u00e9rieur droit du site web.<\/p>\n<p>De m\u00eame, tous les navigateurs disposent de leurs propres outils pour bloquer les cookies utilis\u00e9s par les diff\u00e9rents sites web. Vous pouvez v\u00e9rifier comment configurer ces options dans les navigateurs les plus courants, tels que Google Chrome, Internet Explorer, Mozilla Firefox, Safari ou Opera.<\/p>\n<p>[\/et_pb_text][\/et_pb_column][\/et_pb_row][\/et_pb_section]<\/p>\n","protected":false},"excerpt":{"rendered":"<p>CookiesCOOKIES1. LE RESPONSABLE DU TRAITEMENT DES DONN\u00c9ES Identit\u00e9 : ARIAMAN DECO SERVICE, S.L. (ci-apr\u00e8s d\u00e9nomm\u00e9 le prestataire ou ARIAMAN) NUM\u00c9RO DE TVA : B44775088 Adresse postale : Calle Hierro 9 puerta B de Colmenar Viejo (Madrid, Espagne) Courriel : info@ariaman.es Notre site web utilise des cookies et\/ou des technologies similaires qui stockent et r\u00e9cup\u00e8rent des [&hellip;]<\/p>\n","protected":false},"author":1,"featured_media":1839,"parent":0,"menu_order":0,"comment_status":"closed","ping_status":"closed","template":"","meta":{"_et_pb_use_builder":"on","_et_pb_old_content":"","_et_gb_content_width":"","footnotes":""},"class_list":["post-2025","page","type-page","status-publish","has-post-thumbnail","hentry"],"yoast_head":"<!-- This site is optimized with the Yoast SEO Premium plugin v24.9 (Yoast SEO v27.2) - https:\/\/yoast.com\/product\/yoast-seo-premium-wordpress\/ -->\n<title>Cookies | Ariaman Ebanister\u00eda Avanzada<\/title>\n<meta name=\"robots\" content=\"noindex, nofollow\" \/>\n<meta property=\"og:locale\" content=\"fr_FR\" \/>\n<meta property=\"og:type\" content=\"article\" \/>\n<meta property=\"og:title\" content=\"Cookies\" \/>\n<meta property=\"og:description\" content=\"CookiesCOOKIES1. LE RESPONSABLE DU TRAITEMENT DES DONN\u00c9ES Identit\u00e9 : ARIAMAN DECO SERVICE, S.L. (ci-apr\u00e8s d\u00e9nomm\u00e9 le prestataire ou ARIAMAN) NUM\u00c9RO DE TVA : B44775088 Adresse postale : Calle Hierro 9 puerta B de Colmenar Viejo (Madrid, Espagne) Courriel : info@ariaman.es Notre site web utilise des cookies et\/ou des technologies similaires qui stockent et r\u00e9cup\u00e8rent des [&hellip;]\" \/>\n<meta property=\"og:url\" content=\"https:\/\/ariaman.es\/fr\/cookies\/\" \/>\n<meta property=\"og:site_name\" content=\"Ariaman\" \/>\n<meta property=\"article:modified_time\" content=\"2023-10-19T10:15:36+00:00\" \/>\n<meta property=\"og:image\" content=\"https:\/\/ariaman.es\/wp-content\/uploads\/2023\/09\/metodologia-ariaman-1.jpg\" \/>\n\t<meta property=\"og:image:width\" content=\"1000\" \/>\n\t<meta property=\"og:image:height\" content=\"469\" \/>\n\t<meta property=\"og:image:type\" content=\"image\/jpeg\" \/>\n<meta name=\"twitter:card\" content=\"summary_large_image\" \/>\n<meta name=\"twitter:label1\" content=\"Dur\u00e9e de lecture estim\u00e9e\" \/>\n\t<meta name=\"twitter:data1\" content=\"6 minutes\" \/>\n<script type=\"application\/ld+json\" class=\"yoast-schema-graph\">{\"@context\":\"https:\/\/schema.org\",\"@graph\":[{\"@type\":\"WebPage\",\"@id\":\"https:\/\/ariaman.es\/fr\/cookies\/\",\"url\":\"https:\/\/ariaman.es\/fr\/cookies\/\",\"name\":\"Cookies | Ariaman Ebanister\u00eda Avanzada\",\"isPartOf\":{\"@id\":\"https:\/\/ariaman.es\/fr\/#website\"},\"primaryImageOfPage\":{\"@id\":\"https:\/\/ariaman.es\/fr\/cookies\/#primaryimage\"},\"image\":{\"@id\":\"https:\/\/ariaman.es\/fr\/cookies\/#primaryimage\"},\"thumbnailUrl\":\"https:\/\/ariaman.es\/wp-content\/uploads\/2023\/09\/metodologia-ariaman-1.jpg\",\"datePublished\":\"2023-09-22T13:57:46+00:00\",\"dateModified\":\"2023-10-19T10:15:36+00:00\",\"breadcrumb\":{\"@id\":\"https:\/\/ariaman.es\/fr\/cookies\/#breadcrumb\"},\"inLanguage\":\"fr-FR\",\"potentialAction\":[{\"@type\":\"ReadAction\",\"target\":[\"https:\/\/ariaman.es\/fr\/cookies\/\"]}]},{\"@type\":\"ImageObject\",\"inLanguage\":\"fr-FR\",\"@id\":\"https:\/\/ariaman.es\/fr\/cookies\/#primaryimage\",\"url\":\"https:\/\/ariaman.es\/wp-content\/uploads\/2023\/09\/metodologia-ariaman-1.jpg\",\"contentUrl\":\"https:\/\/ariaman.es\/wp-content\/uploads\/2023\/09\/metodologia-ariaman-1.jpg\",\"width\":1000,\"height\":469},{\"@type\":\"BreadcrumbList\",\"@id\":\"https:\/\/ariaman.es\/fr\/cookies\/#breadcrumb\",\"itemListElement\":[{\"@type\":\"ListItem\",\"position\":1,\"name\":\"Home\",\"item\":\"https:\/\/ariaman.es\/fr\/\"},{\"@type\":\"ListItem\",\"position\":2,\"name\":\"Cookies\"}]},{\"@type\":\"WebSite\",\"@id\":\"https:\/\/ariaman.es\/fr\/#website\",\"url\":\"https:\/\/ariaman.es\/fr\/\",\"name\":\"Ariaman Ebanister\u00eda Avanzada\",\"description\":\"Ebanister\u00eda Avanzada en Madrid\",\"potentialAction\":[{\"@type\":\"SearchAction\",\"target\":{\"@type\":\"EntryPoint\",\"urlTemplate\":\"https:\/\/ariaman.es\/fr\/?s={search_term_string}\"},\"query-input\":{\"@type\":\"PropertyValueSpecification\",\"valueRequired\":true,\"valueName\":\"search_term_string\"}}],\"inLanguage\":\"fr-FR\"}]}<\/script>\n<!-- \/ Yoast SEO Premium plugin. -->","yoast_head_json":{"title":"Cookies | Ariaman Ebanister\u00eda Avanzada","robots":{"index":"noindex","follow":"nofollow"},"og_locale":"fr_FR","og_type":"article","og_title":"Cookies","og_description":"CookiesCOOKIES1. LE RESPONSABLE DU TRAITEMENT DES DONN\u00c9ES Identit\u00e9 : ARIAMAN DECO SERVICE, S.L. (ci-apr\u00e8s d\u00e9nomm\u00e9 le prestataire ou ARIAMAN) NUM\u00c9RO DE TVA : B44775088 Adresse postale : Calle Hierro 9 puerta B de Colmenar Viejo (Madrid, Espagne) Courriel : info@ariaman.es Notre site web utilise des cookies et\/ou des technologies similaires qui stockent et r\u00e9cup\u00e8rent des [&hellip;]","og_url":"https:\/\/ariaman.es\/fr\/cookies\/","og_site_name":"Ariaman","article_modified_time":"2023-10-19T10:15:36+00:00","og_image":[{"width":1000,"height":469,"url":"https:\/\/ariaman.es\/wp-content\/uploads\/2023\/09\/metodologia-ariaman-1.jpg","type":"image\/jpeg"}],"twitter_card":"summary_large_image","twitter_misc":{"Dur\u00e9e de lecture estim\u00e9e":"6 minutes"},"schema":{"@context":"https:\/\/schema.org","@graph":[{"@type":"WebPage","@id":"https:\/\/ariaman.es\/fr\/cookies\/","url":"https:\/\/ariaman.es\/fr\/cookies\/","name":"Cookies | Ariaman Ebanister\u00eda Avanzada","isPartOf":{"@id":"https:\/\/ariaman.es\/fr\/#website"},"primaryImageOfPage":{"@id":"https:\/\/ariaman.es\/fr\/cookies\/#primaryimage"},"image":{"@id":"https:\/\/ariaman.es\/fr\/cookies\/#primaryimage"},"thumbnailUrl":"https:\/\/ariaman.es\/wp-content\/uploads\/2023\/09\/metodologia-ariaman-1.jpg","datePublished":"2023-09-22T13:57:46+00:00","dateModified":"2023-10-19T10:15:36+00:00","breadcrumb":{"@id":"https:\/\/ariaman.es\/fr\/cookies\/#breadcrumb"},"inLanguage":"fr-FR","potentialAction":[{"@type":"ReadAction","target":["https:\/\/ariaman.es\/fr\/cookies\/"]}]},{"@type":"ImageObject","inLanguage":"fr-FR","@id":"https:\/\/ariaman.es\/fr\/cookies\/#primaryimage","url":"https:\/\/ariaman.es\/wp-content\/uploads\/2023\/09\/metodologia-ariaman-1.jpg","contentUrl":"https:\/\/ariaman.es\/wp-content\/uploads\/2023\/09\/metodologia-ariaman-1.jpg","width":1000,"height":469},{"@type":"BreadcrumbList","@id":"https:\/\/ariaman.es\/fr\/cookies\/#breadcrumb","itemListElement":[{"@type":"ListItem","position":1,"name":"Home","item":"https:\/\/ariaman.es\/fr\/"},{"@type":"ListItem","position":2,"name":"Cookies"}]},{"@type":"WebSite","@id":"https:\/\/ariaman.es\/fr\/#website","url":"https:\/\/ariaman.es\/fr\/","name":"Ariaman Ebanister\u00eda Avanzada","description":"Ebanister\u00eda Avanzada en Madrid","potentialAction":[{"@type":"SearchAction","target":{"@type":"EntryPoint","urlTemplate":"https:\/\/ariaman.es\/fr\/?s={search_term_string}"},"query-input":{"@type":"PropertyValueSpecification","valueRequired":true,"valueName":"search_term_string"}}],"inLanguage":"fr-FR"}]}},"_links":{"self":[{"href":"https:\/\/ariaman.es\/fr\/wp-json\/wp\/v2\/pages\/2025","targetHints":{"allow":["GET"]}}],"collection":[{"href":"https:\/\/ariaman.es\/fr\/wp-json\/wp\/v2\/pages"}],"about":[{"href":"https:\/\/ariaman.es\/fr\/wp-json\/wp\/v2\/types\/page"}],"author":[{"embeddable":true,"href":"https:\/\/ariaman.es\/fr\/wp-json\/wp\/v2\/users\/1"}],"replies":[{"embeddable":true,"href":"https:\/\/ariaman.es\/fr\/wp-json\/wp\/v2\/comments?post=2025"}],"version-history":[{"count":2,"href":"https:\/\/ariaman.es\/fr\/wp-json\/wp\/v2\/pages\/2025\/revisions"}],"predecessor-version":[{"id":2027,"href":"https:\/\/ariaman.es\/fr\/wp-json\/wp\/v2\/pages\/2025\/revisions\/2027"}],"wp:featuredmedia":[{"embeddable":true,"href":"https:\/\/ariaman.es\/fr\/wp-json\/wp\/v2\/media\/1839"}],"wp:attachment":[{"href":"https:\/\/ariaman.es\/fr\/wp-json\/wp\/v2\/media?parent=2025"}],"curies":[{"name":"wp","href":"https:\/\/api.w.org\/{rel}","templated":true}]}}