{"id":2094,"date":"2023-09-13T12:27:47","date_gmt":"2023-09-13T10:27:47","guid":{"rendered":"https:\/\/ariaman.es\/wohnungen\/natuerliches-eichenfinish\/"},"modified":"2023-10-19T12:49:31","modified_gmt":"2023-10-19T10:49:31","slug":"natuerliches-eichenfinish","status":"publish","type":"page","link":"https:\/\/ariaman.es\/de\/wohnungen\/natuerliches-eichenfinish\/","title":{"rendered":"Nat\u00fcrliches Eichenfinish"},"content":{"rendered":"<p>[et_pb_section fb_built=&#8220;1&#8243; _builder_version=&#8220;4.22.1&#8243; _module_preset=&#8220;default&#8220; background_color=&#8220;rgba(0,0,0,0.46)&#8220; background_image=&#8220;https:\/\/ariaman.es\/wp-content\/uploads\/2023\/09\/ariaman-salon-madera-portada.jpg&#8220; background_blend=&#8220;darken&#8220; height=&#8220;50vh&#8220; locked=&#8220;off&#8220; global_colors_info=&#8220;{}&#8220; disabled_on=&#8220;on|off|off&#8220;][et_pb_row _builder_version=&#8220;4.22.1&#8243; _module_preset=&#8220;default&#8220; width_tablet=&#8220;80%&#8220; width_phone=&#8220;80%&#8220; width_last_edited=&#8220;on|phone&#8220; max_width=&#8220;950px&#8220; custom_margin=&#8220;|auto||auto|false|false&#8220; animation_style=&#8220;slide&#8220; animation_direction=&#8220;left&#8220; global_colors_info=&#8220;{}&#8220;][et_pb_column type=&#8220;4_4&#8243; _builder_version=&#8220;4.19.4&#8243; _module_preset=&#8220;default&#8220; global_colors_info=&#8220;{}&#8220;][et_pb_text _builder_version=&#8220;4.22.1&#8243; _module_preset=&#8220;default&#8220; text_font=&#8220;|||on|||||&#8220; text_text_color=&#8220;#FFFFFF&#8220; header_2_font=&#8220;|600|||||||&#8220; header_2_text_align=&#8220;left&#8220; header_2_text_color=&#8220;#FFFFFF&#8220; header_2_font_size=&#8220;60px&#8220; header_3_font=&#8220;|300|||||||&#8220; header_3_text_align=&#8220;left&#8220; header_3_text_color=&#8220;#FFFFFF&#8220; header_3_font_size=&#8220;30px&#8220; background_enable_color=&#8220;off&#8220; custom_margin=&#8220;14vh||||false|false&#8220; custom_margin_tablet=&#8220;16vh||||false|false&#8220; custom_margin_phone=&#8220;12vh||||false|false&#8220; custom_margin_last_edited=&#8220;on|phone&#8220; custom_padding=&#8220;2vh|2vh|2vh|2vh|false|true&#8220; custom_padding_tablet=&#8220;2vh|2vh|2vh|2vh|false|true&#8220; custom_padding_phone=&#8220;2vh|2vh|1vh|2vh|false|true&#8220; custom_padding_last_edited=&#8220;on|phone&#8220; header_2_font_size_tablet=&#8220;55px&#8220; header_2_font_size_phone=&#8220;50px&#8220; header_2_font_size_last_edited=&#8220;on|phone&#8220; border_width_left=&#8220;5px&#8220; border_color_left=&#8220;gcid-176431ec-785b-4e77-8811-5daeeb1746f9&#8243; global_colors_info=&#8220;{%22gcid-176431ec-785b-4e77-8811-5daeeb1746f9%22:%91%22background_color%22,%22border_color_left%22,%22background_color%22,%22border_color_left%22%93}&#8220;]<\/p>\n<h2>Nat\u00fcrliches Eichenfinish<\/h2>\n<h3>Wohnungen<\/h3>\n<p>[\/et_pb_text][\/et_pb_column][\/et_pb_row][\/et_pb_section][et_pb_section fb_built=&#8220;1&#8243; disabled_on=&#8220;off|on|on&#8220; _builder_version=&#8220;4.22.2&#8243; _module_preset=&#8220;default&#8220; background_color=&#8220;rgba(0,0,0,0.46)&#8220; background_image=&#8220;https:\/\/ariaman.es\/wp-content\/uploads\/2023\/09\/ariaman-salon-madera-portada.jpg&#8220; background_blend=&#8220;darken&#8220; height=&#8220;50vh&#8220; hover_enabled=&#8220;0&#8243; global_colors_info=&#8220;{}&#8220; theme_builder_area=&#8220;post_content&#8220; alt=&#8220;Acabado en roble natural&#8220; title_text=&#8220;Acabado en roble natural&#8220; sticky_enabled=&#8220;0&#8243;][et_pb_row _builder_version=&#8220;4.22.1&#8243; _module_preset=&#8220;default&#8220; max_width=&#8220;100%&#8220; custom_margin=&#8220;-1%|auto|-1%|auto|true|false&#8220; animation_style=&#8220;slide&#8220; animation_direction=&#8220;left&#8220; global_colors_info=&#8220;{}&#8220; theme_builder_area=&#8220;post_content&#8220;][et_pb_column type=&#8220;4_4&#8243; _builder_version=&#8220;4.19.4&#8243; _module_preset=&#8220;default&#8220; global_colors_info=&#8220;{}&#8220; theme_builder_area=&#8220;post_content&#8220;][et_pb_text _builder_version=&#8220;4.22.2&#8243; _module_preset=&#8220;default&#8220; text_font=&#8220;|||on|||||&#8220; text_text_color=&#8220;#FFFFFF&#8220; header_2_font=&#8220;|600|||||||&#8220; header_2_text_align=&#8220;left&#8220; header_2_text_color=&#8220;#FFFFFF&#8220; header_2_font_size=&#8220;35px&#8220; header_3_font=&#8220;|300|||||||&#8220; header_3_text_align=&#8220;left&#8220; header_3_text_color=&#8220;#FFFFFF&#8220; header_3_font_size=&#8220;30px&#8220; background_enable_color=&#8220;off&#8220; custom_margin=&#8220;10vh||||false|false&#8220; custom_padding=&#8220;2vh|2vh|2vh|2vh|true|true&#8220; border_width_left=&#8220;5px&#8220; border_color_left=&#8220;gcid-176431ec-785b-4e77-8811-5daeeb1746f9&#8243; global_colors_info=&#8220;{%22gcid-176431ec-785b-4e77-8811-5daeeb1746f9%22:%91%22background_color%22,%22border_color_left%22,%22background_color%22,%22border_color_left%22%93}&#8220; theme_builder_area=&#8220;post_content&#8220;]<\/p>\n<h2>Nat\u00fcrliches Eichenfinish<\/h2>\n<h3>Wohnungen<\/h3>\n<p>[\/et_pb_text][\/et_pb_column][\/et_pb_row][\/et_pb_section][et_pb_section fb_built=&#8220;1&#8243; _builder_version=&#8220;4.22.1&#8243; _module_preset=&#8220;default&#8220; custom_padding=&#8220;||81px|||&#8220; locked=&#8220;off&#8220; global_colors_info=&#8220;{}&#8220;][et_pb_row _builder_version=&#8220;4.22.1&#8243; _module_preset=&#8220;default&#8220; custom_padding=&#8220;||0px||false|false&#8220; global_colors_info=&#8220;{}&#8220;][et_pb_column type=&#8220;4_4&#8243; _builder_version=&#8220;4.22.1&#8243; _module_preset=&#8220;default&#8220; global_colors_info=&#8220;{}&#8220;][et_pb_image src=&#8220;https:\/\/ariaman.es\/wp-content\/uploads\/2023\/09\/ariaman-salon-madera-1.jpg&#8220; alt=&#8220;Wohnzimmer aus Holz&#8220; title_text=&#8220;Wohnzimmer aus Holz&#8220; align=&#8220;center&#8220; _builder_version=&#8220;4.22.1&#8243; _module_preset=&#8220;default&#8220; width=&#8220;95%&#8220; width_tablet=&#8220;90%&#8220; width_phone=&#8220;90%&#8220; width_last_edited=&#8220;on|phone&#8220; module_alignment=&#8220;center&#8220; global_colors_info=&#8220;{}&#8220;][\/et_pb_image][\/et_pb_column][\/et_pb_row][et_pb_row custom_padding_last_edited=&#8220;off|tablet&#8220; _builder_version=&#8220;4.22.1&#8243; _module_preset=&#8220;default&#8220; background_color=&#8220;gcid-176431ec-785b-4e77-8811-5daeeb1746f9&#8243; custom_margin=&#8220;-50px||||false|false&#8220; custom_padding=&#8220;0px||0px||false|false&#8220; locked=&#8220;off&#8220; global_colors_info=&#8220;{%22gcid-176431ec-785b-4e77-8811-5daeeb1746f9%22:%91%22background_color%22%93}&#8220;][et_pb_column type=&#8220;4_4&#8243; _builder_version=&#8220;4.22.1&#8243; _module_preset=&#8220;default&#8220; global_colors_info=&#8220;{}&#8220;][et_pb_divider show_divider=&#8220;off&#8220; _builder_version=&#8220;4.22.1&#8243; _module_preset=&#8220;default&#8220; height=&#8220;50px&#8220; height_tablet=&#8220;45px&#8220; height_phone=&#8220;40px&#8220; height_last_edited=&#8220;on|phone&#8220; global_colors_info=&#8220;{}&#8220;][\/et_pb_divider][\/et_pb_column][\/et_pb_row][\/et_pb_section][et_pb_section fb_built=&#8220;1&#8243; _builder_version=&#8220;4.22.1&#8243; _module_preset=&#8220;default&#8220; custom_padding=&#8220;0px||90px||false|false&#8220; locked=&#8220;off&#8220; global_colors_info=&#8220;{}&#8220;][et_pb_row column_structure=&#8220;1_3,1_3,1_3&#8243; use_custom_gutter=&#8220;on&#8220; make_equal=&#8220;on&#8220; _builder_version=&#8220;4.22.1&#8243; _module_preset=&#8220;default&#8220; width=&#8220;100%&#8220; max_width=&#8220;90%&#8220; global_colors_info=&#8220;{}&#8220;][et_pb_column type=&#8220;1_3&#8243; _builder_version=&#8220;4.22.1&#8243; _module_preset=&#8220;default&#8220; global_colors_info=&#8220;{}&#8220;][et_pb_image src=&#8220;https:\/\/ariaman.es\/wp-content\/uploads\/2023\/09\/ariaman-salon-madera-8.jpg&#8220; alt=&#8220;Nat\u00fcrliches Eichenfinish&#8220; title_text=&#8220;Nat\u00fcrliches Eichenfinish&#8220; align=&#8220;center&#8220; _builder_version=&#8220;4.22.1&#8243; _module_preset=&#8220;default&#8220; global_colors_info=&#8220;{}&#8220;][\/et_pb_image][\/et_pb_column][et_pb_column type=&#8220;1_3&#8243; _builder_version=&#8220;4.22.1&#8243; _module_preset=&#8220;default&#8220; global_colors_info=&#8220;{}&#8220;][et_pb_image src=&#8220;https:\/\/ariaman.es\/wp-content\/uploads\/2023\/09\/ariaman-salon-madera-9.jpg&#8220; alt=&#8220;Nat\u00fcrliches Eichenfinish&#8220; title_text=&#8220;Nat\u00fcrliches Eichenfinish&#8220; align=&#8220;center&#8220; _builder_version=&#8220;4.22.1&#8243; _module_preset=&#8220;default&#8220; global_colors_info=&#8220;{}&#8220;][\/et_pb_image][\/et_pb_column][et_pb_column type=&#8220;1_3&#8243; _builder_version=&#8220;4.22.1&#8243; _module_preset=&#8220;default&#8220; global_colors_info=&#8220;{}&#8220;][et_pb_image src=&#8220;https:\/\/ariaman.es\/wp-content\/uploads\/2023\/09\/ariaman-salon-madera-3.jpg&#8220; alt=&#8220;Nat\u00fcrliches Eichenfinish&#8220; title_text=&#8220;Nat\u00fcrliches Eichenfinish&#8220; align=&#8220;center&#8220; _builder_version=&#8220;4.22.1&#8243; _module_preset=&#8220;default&#8220; global_colors_info=&#8220;{}&#8220;][\/et_pb_image][\/et_pb_column][\/et_pb_row][et_pb_row column_structure=&#8220;1_3,1_3,1_3&#8243; use_custom_gutter=&#8220;on&#8220; make_equal=&#8220;on&#8220; custom_padding_last_edited=&#8220;on|tablet&#8220; _builder_version=&#8220;4.22.1&#8243; _module_preset=&#8220;default&#8220; width=&#8220;100%&#8220; max_width=&#8220;90%&#8220; custom_padding_tablet=&#8220;0px||||false|false&#8220; custom_padding_phone=&#8220;0px||||false|false&#8220; global_colors_info=&#8220;{}&#8220;][et_pb_column type=&#8220;1_3&#8243; _builder_version=&#8220;4.22.1&#8243; _module_preset=&#8220;default&#8220; global_colors_info=&#8220;{}&#8220;][et_pb_image src=&#8220;https:\/\/ariaman.es\/wp-content\/uploads\/2023\/09\/ariaman-salon-madera-7.jpg&#8220; alt=&#8220;Nat\u00fcrliches Eichenfinish&#8220; title_text=&#8220;Nat\u00fcrliches Eichenfinish&#8220; align=&#8220;center&#8220; _builder_version=&#8220;4.22.1&#8243; _module_preset=&#8220;default&#8220; global_colors_info=&#8220;{}&#8220;][\/et_pb_image][\/et_pb_column][et_pb_column type=&#8220;1_3&#8243; _builder_version=&#8220;4.22.1&#8243; _module_preset=&#8220;default&#8220; global_colors_info=&#8220;{}&#8220;][et_pb_image src=&#8220;https:\/\/ariaman.es\/wp-content\/uploads\/2023\/09\/ariaman-salon-madera-5.jpg&#8220; alt=&#8220;Nat\u00fcrliches Eichenfinish&#8220; title_text=&#8220;Nat\u00fcrliches Eichenfinish&#8220; align=&#8220;center&#8220; _builder_version=&#8220;4.22.1&#8243; _module_preset=&#8220;default&#8220; global_colors_info=&#8220;{}&#8220;][\/et_pb_image][\/et_pb_column][et_pb_column type=&#8220;1_3&#8243; _builder_version=&#8220;4.22.1&#8243; _module_preset=&#8220;default&#8220; global_colors_info=&#8220;{}&#8220;][et_pb_image src=&#8220;https:\/\/ariaman.es\/wp-content\/uploads\/2023\/09\/ariaman-salon-madera-6.jpg&#8220; alt=&#8220;Nat\u00fcrliches Eichenfinish&#8220; title_text=&#8220;Nat\u00fcrliches Eichenfinish&#8220; align=&#8220;center&#8220; _builder_version=&#8220;4.22.1&#8243; _module_preset=&#8220;default&#8220; global_colors_info=&#8220;{}&#8220;][\/et_pb_image][\/et_pb_column][\/et_pb_row][\/et_pb_section]<\/p>\n","protected":false},"excerpt":{"rendered":"<p>Nat\u00fcrliches Eichenfinish WohnungenNat\u00fcrliches Eichenfinish Wohnungen<\/p>\n","protected":false},"author":1,"featured_media":0,"parent":1944,"menu_order":0,"comment_status":"closed","ping_status":"closed","template":"","meta":{"_et_pb_use_builder":"on","_et_pb_old_content":"","_et_gb_content_width":"","footnotes":""},"class_list":["post-2094","page","type-page","status-publish","hentry"],"yoast_head":"<!-- This site is optimized with the Yoast SEO Premium plugin v24.9 (Yoast SEO v27.2) - https:\/\/yoast.com\/product\/yoast-seo-premium-wordpress\/ -->\n<title>Nat\u00fcrliches Eichenfinish | Ariaman Ebanister\u00eda Avanzada<\/title>\n<meta name=\"robots\" content=\"index, follow, max-snippet:-1, max-image-preview:large, max-video-preview:-1\" \/>\n<link rel=\"canonical\" href=\"https:\/\/ariaman.es\/de\/wohnungen\/natuerliches-eichenfinish\/\" \/>\n<meta property=\"og:locale\" content=\"de_DE\" \/>\n<meta property=\"og:type\" content=\"article\" \/>\n<meta property=\"og:title\" content=\"Nat\u00fcrliches Eichenfinish\" \/>\n<meta property=\"og:description\" content=\"Nat\u00fcrliches Eichenfinish WohnungenNat\u00fcrliches Eichenfinish Wohnungen\" \/>\n<meta property=\"og:url\" content=\"https:\/\/ariaman.es\/de\/wohnungen\/natuerliches-eichenfinish\/\" \/>\n<meta property=\"og:site_name\" content=\"Ariaman\" \/>\n<meta property=\"article:modified_time\" content=\"2023-10-19T10:49:31+00:00\" \/>\n<meta name=\"twitter:card\" content=\"summary_large_image\" \/>\n<meta name=\"twitter:label1\" content=\"Gesch\u00e4tzte Lesezeit\" \/>\n\t<meta name=\"twitter:data1\" content=\"5\u00a0Minuten\" \/>\n<script type=\"application\/ld+json\" class=\"yoast-schema-graph\">{\"@context\":\"https:\/\/schema.org\",\"@graph\":[{\"@type\":\"WebPage\",\"@id\":\"https:\/\/ariaman.es\/de\/wohnungen\/natuerliches-eichenfinish\/\",\"url\":\"https:\/\/ariaman.es\/de\/wohnungen\/natuerliches-eichenfinish\/\",\"name\":\"Nat\u00fcrliches Eichenfinish | Ariaman Ebanister\u00eda Avanzada\",\"isPartOf\":{\"@id\":\"https:\/\/ariaman.es\/de\/#website\"},\"datePublished\":\"2023-09-13T10:27:47+00:00\",\"dateModified\":\"2023-10-19T10:49:31+00:00\",\"breadcrumb\":{\"@id\":\"https:\/\/ariaman.es\/de\/wohnungen\/natuerliches-eichenfinish\/#breadcrumb\"},\"inLanguage\":\"de\",\"potentialAction\":[{\"@type\":\"ReadAction\",\"target\":[\"https:\/\/ariaman.es\/de\/wohnungen\/natuerliches-eichenfinish\/\"]}]},{\"@type\":\"BreadcrumbList\",\"@id\":\"https:\/\/ariaman.es\/de\/wohnungen\/natuerliches-eichenfinish\/#breadcrumb\",\"itemListElement\":[{\"@type\":\"ListItem\",\"position\":1,\"name\":\"Home\",\"item\":\"https:\/\/ariaman.es\/de\/home\/\"},{\"@type\":\"ListItem\",\"position\":2,\"name\":\"Wohnungen\",\"item\":\"https:\/\/ariaman.es\/de\/wohnungen\/\"},{\"@type\":\"ListItem\",\"position\":3,\"name\":\"Nat\u00fcrliches Eichenfinish\"}]},{\"@type\":\"WebSite\",\"@id\":\"https:\/\/ariaman.es\/de\/#website\",\"url\":\"https:\/\/ariaman.es\/de\/\",\"name\":\"Ariaman Ebanister\u00eda Avanzada\",\"description\":\"Ebanister\u00eda Avanzada en Madrid\",\"potentialAction\":[{\"@type\":\"SearchAction\",\"target\":{\"@type\":\"EntryPoint\",\"urlTemplate\":\"https:\/\/ariaman.es\/de\/?s={search_term_string}\"},\"query-input\":{\"@type\":\"PropertyValueSpecification\",\"valueRequired\":true,\"valueName\":\"search_term_string\"}}],\"inLanguage\":\"de\"}]}<\/script>\n<!-- \/ Yoast SEO Premium plugin. -->","yoast_head_json":{"title":"Nat\u00fcrliches Eichenfinish | Ariaman Ebanister\u00eda Avanzada","robots":{"index":"index","follow":"follow","max-snippet":"max-snippet:-1","max-image-preview":"max-image-preview:large","max-video-preview":"max-video-preview:-1"},"canonical":"https:\/\/ariaman.es\/de\/wohnungen\/natuerliches-eichenfinish\/","og_locale":"de_DE","og_type":"article","og_title":"Nat\u00fcrliches Eichenfinish","og_description":"Nat\u00fcrliches Eichenfinish WohnungenNat\u00fcrliches Eichenfinish Wohnungen","og_url":"https:\/\/ariaman.es\/de\/wohnungen\/natuerliches-eichenfinish\/","og_site_name":"Ariaman","article_modified_time":"2023-10-19T10:49:31+00:00","twitter_card":"summary_large_image","twitter_misc":{"Gesch\u00e4tzte Lesezeit":"5\u00a0Minuten"},"schema":{"@context":"https:\/\/schema.org","@graph":[{"@type":"WebPage","@id":"https:\/\/ariaman.es\/de\/wohnungen\/natuerliches-eichenfinish\/","url":"https:\/\/ariaman.es\/de\/wohnungen\/natuerliches-eichenfinish\/","name":"Nat\u00fcrliches Eichenfinish | Ariaman Ebanister\u00eda Avanzada","isPartOf":{"@id":"https:\/\/ariaman.es\/de\/#website"},"datePublished":"2023-09-13T10:27:47+00:00","dateModified":"2023-10-19T10:49:31+00:00","breadcrumb":{"@id":"https:\/\/ariaman.es\/de\/wohnungen\/natuerliches-eichenfinish\/#breadcrumb"},"inLanguage":"de","potentialAction":[{"@type":"ReadAction","target":["https:\/\/ariaman.es\/de\/wohnungen\/natuerliches-eichenfinish\/"]}]},{"@type":"BreadcrumbList","@id":"https:\/\/ariaman.es\/de\/wohnungen\/natuerliches-eichenfinish\/#breadcrumb","itemListElement":[{"@type":"ListItem","position":1,"name":"Home","item":"https:\/\/ariaman.es\/de\/home\/"},{"@type":"ListItem","position":2,"name":"Wohnungen","item":"https:\/\/ariaman.es\/de\/wohnungen\/"},{"@type":"ListItem","position":3,"name":"Nat\u00fcrliches Eichenfinish"}]},{"@type":"WebSite","@id":"https:\/\/ariaman.es\/de\/#website","url":"https:\/\/ariaman.es\/de\/","name":"Ariaman Ebanister\u00eda Avanzada","description":"Ebanister\u00eda Avanzada en Madrid","potentialAction":[{"@type":"SearchAction","target":{"@type":"EntryPoint","urlTemplate":"https:\/\/ariaman.es\/de\/?s={search_term_string}"},"query-input":{"@type":"PropertyValueSpecification","valueRequired":true,"valueName":"search_term_string"}}],"inLanguage":"de"}]}},"_links":{"self":[{"href":"https:\/\/ariaman.es\/de\/wp-json\/wp\/v2\/pages\/2094","targetHints":{"allow":["GET"]}}],"collection":[{"href":"https:\/\/ariaman.es\/de\/wp-json\/wp\/v2\/pages"}],"about":[{"href":"https:\/\/ariaman.es\/de\/wp-json\/wp\/v2\/types\/page"}],"author":[{"embeddable":true,"href":"https:\/\/ariaman.es\/de\/wp-json\/wp\/v2\/users\/1"}],"replies":[{"embeddable":true,"href":"https:\/\/ariaman.es\/de\/wp-json\/wp\/v2\/comments?post=2094"}],"version-history":[{"count":2,"href":"https:\/\/ariaman.es\/de\/wp-json\/wp\/v2\/pages\/2094\/revisions"}],"predecessor-version":[{"id":2096,"href":"https:\/\/ariaman.es\/de\/wp-json\/wp\/v2\/pages\/2094\/revisions\/2096"}],"up":[{"embeddable":true,"href":"https:\/\/ariaman.es\/de\/wp-json\/wp\/v2\/pages\/1944"}],"wp:attachment":[{"href":"https:\/\/ariaman.es\/de\/wp-json\/wp\/v2\/media?parent=2094"}],"curies":[{"name":"wp","href":"https:\/\/api.w.org\/{rel}","templated":true}]}}