{"id":2028,"date":"2023-09-22T15:57:46","date_gmt":"2023-09-22T13:57:46","guid":{"rendered":"https:\/\/ariaman.es\/cookies\/"},"modified":"2023-10-19T12:16:01","modified_gmt":"2023-10-19T10:16:01","slug":"cookies","status":"publish","type":"page","link":"https:\/\/ariaman.es\/de\/cookies\/","title":{"rendered":"Cookies"},"content":{"rendered":"<p>[et_pb_section fb_built=&#8220;1&#8243; _builder_version=&#8220;4.22.2&#8243; _module_preset=&#8220;default&#8220; background_color=&#8220;rgba(0,0,0,0.46)&#8220; background_image=&#8220;https:\/\/ariaman.es\/wp-content\/uploads\/2023\/02\/imagen-full-2.jpg&#8220; background_blend=&#8220;darken&#8220; height=&#8220;50vh&#8220; global_colors_info=&#8220;{}&#8220; disabled_on=&#8220;on|off|off&#8220;][et_pb_row _builder_version=&#8220;4.22.1&#8243; _module_preset=&#8220;default&#8220; width=&#8220;50%&#8220; custom_margin=&#8220;|auto||auto|false|false&#8220; animation_style=&#8220;slide&#8220; animation_direction=&#8220;left&#8220; global_colors_info=&#8220;{}&#8220;][et_pb_column type=&#8220;4_4&#8243; _builder_version=&#8220;4.19.4&#8243; _module_preset=&#8220;default&#8220; global_colors_info=&#8220;{}&#8220;][et_pb_text _builder_version=&#8220;4.22.1&#8243; _module_preset=&#8220;default&#8220; text_font=&#8220;|||on|||||&#8220; text_text_color=&#8220;#FFFFFF&#8220; header_2_font=&#8220;|600|||||||&#8220; header_2_text_align=&#8220;left&#8220; header_2_text_color=&#8220;#FFFFFF&#8220; header_2_font_size=&#8220;60px&#8220; header_3_font=&#8220;|300|||||||&#8220; header_3_text_align=&#8220;left&#8220; header_3_text_color=&#8220;#FFFFFF&#8220; header_3_font_size=&#8220;30px&#8220; background_enable_color=&#8220;off&#8220; custom_margin=&#8220;20vh||||false|false&#8220; custom_padding=&#8220;2vh|2vh|2vh|2vh|true|true&#8220; border_width_left=&#8220;5px&#8220; border_color_left=&#8220;gcid-176431ec-785b-4e77-8811-5daeeb1746f9&#8243; global_colors_info=&#8220;{%22gcid-176431ec-785b-4e77-8811-5daeeb1746f9%22:%91%22background_color%22,%22border_color_left%22,%22background_color%22,%22border_color_left%22%93}&#8220;]<\/p>\n<h2>Cookies<\/h2>\n<p>[\/et_pb_text][\/et_pb_column][\/et_pb_row][\/et_pb_section][et_pb_section fb_built=&#8220;1&#8243; disabled_on=&#8220;off|on|on&#8220; admin_label=&#8220;Secci\u00f3n mov&#8220; _builder_version=&#8220;4.22.2&#8243; _module_preset=&#8220;default&#8220; background_color=&#8220;rgba(0,0,0,0.46)&#8220; background_image=&#8220;https:\/\/ariaman.es\/wp-content\/uploads\/2023\/02\/imagen-full-2.jpg&#8220; background_blend=&#8220;darken&#8220; height=&#8220;50vh&#8220; global_colors_info=&#8220;{}&#8220;][et_pb_row _builder_version=&#8220;4.22.1&#8243; _module_preset=&#8220;default&#8220; max_width=&#8220;100%&#8220; custom_margin=&#8220;-1%|auto|-1%|auto|true|false&#8220; animation_style=&#8220;slide&#8220; animation_direction=&#8220;left&#8220; global_colors_info=&#8220;{}&#8220;][et_pb_column type=&#8220;4_4&#8243; _builder_version=&#8220;4.19.4&#8243; _module_preset=&#8220;default&#8220; global_colors_info=&#8220;{}&#8220;][et_pb_text _builder_version=&#8220;4.22.2&#8243; _module_preset=&#8220;default&#8220; text_font=&#8220;|||on|||||&#8220; text_text_color=&#8220;#FFFFFF&#8220; header_2_font=&#8220;|600|||||||&#8220; header_2_text_align=&#8220;left&#8220; header_2_text_color=&#8220;#FFFFFF&#8220; header_2_font_size=&#8220;35px&#8220; header_3_font=&#8220;|300|||||||&#8220; header_3_text_align=&#8220;left&#8220; header_3_text_color=&#8220;#FFFFFF&#8220; header_3_font_size=&#8220;30px&#8220; background_enable_color=&#8220;off&#8220; custom_margin=&#8220;20vh||||false|false&#8220; custom_padding=&#8220;2vh|2vh|2vh|2vh|true|true&#8220; border_width_left=&#8220;5px&#8220; border_color_left=&#8220;gcid-176431ec-785b-4e77-8811-5daeeb1746f9&#8243; global_colors_info=&#8220;{%22gcid-176431ec-785b-4e77-8811-5daeeb1746f9%22:%91%22background_color%22,%22border_color_left%22,%22background_color%22,%22border_color_left%22%93}&#8220;]<\/p>\n<h2>COOKIES<\/h2>\n<p>[\/et_pb_text][\/et_pb_column][\/et_pb_row][\/et_pb_section][et_pb_section fb_built=&#8220;1&#8243; _builder_version=&#8220;4.22.2&#8243; _module_preset=&#8220;default&#8220; global_colors_info=&#8220;{}&#8220;][et_pb_row _builder_version=&#8220;4.22.2&#8243; _module_preset=&#8220;default&#8220; global_colors_info=&#8220;{}&#8220;][et_pb_column type=&#8220;4_4&#8243; _builder_version=&#8220;4.22.2&#8243; _module_preset=&#8220;default&#8220; global_colors_info=&#8220;{}&#8220;][et_pb_text _builder_version=&#8220;4.22.2&#8243; _module_preset=&#8220;default&#8220; text_font_size=&#8220;16px&#8220; header_2_font=&#8220;|700|||||||&#8220; header_2_font_size=&#8220;35px&#8220; header_2_line_height=&#8220;1.2em&#8220; header_4_font=&#8220;|300||on|||||&#8220; header_4_font_size=&#8220;26px&#8220; header_4_line_height=&#8220;1.5em&#8220; custom_margin=&#8220;|0px||0px|false|false&#8220; custom_padding=&#8220;0px||||false|false&#8220; border_color_bottom=&#8220;gcid-176431ec-785b-4e77-8811-5daeeb1746f9&#8243; border_color_left=&#8220;gcid-176431ec-785b-4e77-8811-5daeeb1746f9&#8243; locked=&#8220;off&#8220; global_colors_info=&#8220;{%22gcid-176431ec-785b-4e77-8811-5daeeb1746f9%22:%91%22border_color_left%22,%22border_color_bottom%22%93}&#8220;]<\/p>\n<p>1. DEN F\u00dcR DIE DATENVERARBEITUNG VERANTWORTLICHEN<\/p>\n<ul>\n<li>Identit\u00e4t: ARIAMAN DECO SERVICE, S.L. (im Folgenden als Anbieter oder ARIAMAN bezeichnet)<\/li>\n<li>MEHRWERTSTEUER-NR.: B44775088<\/li>\n<li>Postanschrift: Calle Hierro 9 puerta B de Colmenar Viejo (Madrid, Spanien)<\/li>\n<li>E-Mail: info@ariaman.es<\/li>\n<\/ul>\n<p>Unsere Website verwendet Cookies und\/oder \u00e4hnliche Technologien, die Informationen speichern und abrufen, wenn Sie surfen. Diese Technologien dienen verschiedenen Zwecken, wie z. B. der Gewinnung von Informationen \u00fcber Ihre Surfgewohnheiten und der Verbesserung Ihrer Erfahrung oder der Personalisierung der Art und Weise, wie Inhalte angezeigt werden. Im Folgenden wird beschrieben, wie wir diese Technologien im Einzelnen nutzen.<\/p>\n<p>&nbsp;<\/p>\n<p>2. ARTEN VON COOKIES, DIE AUF DIESER WEBSITE VERWENDET WERDEN<\/p>\n<p>2.1 Wesentliche Cookies<\/p>\n<p>Diese Cookies sind f\u00fcr das Surfen auf der Website unbedingt erforderlich, da sie es dem Nutzer erm\u00f6glichen, die Funktionen oder Tools der Website zu nutzen, wie z. B. die Identifizierung der Sitzung, den Zugriff auf Bereiche mit eingeschr\u00e4nktem Zugang, die Speicherung von Inhalten f\u00fcr die \u00dcbertragung von Videos oder Ton, die Konfiguration der Sprache und vieles mehr. Die Deaktivierung dieser Cookies verhindert das ordnungsgem\u00e4\u00dfe Funktionieren einiger Funktionalit\u00e4ten der Website.<\/p>\n<p>2.2 Pr\u00e4ferenz- oder Personalisierungs-Cookies<\/p>\n<p>Diese erm\u00f6glichen es, Informationen zu speichern, so dass der Nutzer auf den Dienst mit bestimmten Merkmalen zugreifen kann, die ihn von anderen Nutzern unterscheiden, wie z. B. die Sprache, die Anzahl der Ergebnisse, die bei einer Suche angezeigt werden, das Aussehen oder der Inhalt des Dienstes in Abh\u00e4ngigkeit von der Art des Browsers, \u00fcber den der Nutzer auf den Dienst zugreift, oder der Region, aus der der Nutzer auf den Dienst zugreift, usw.<\/p>\n<p>2.3 Analytische Cookies von Dritten<\/p>\n<p>Dies sind Cookies zur Analyse des Webverkehrs. Wir verwenden Google Analytics: Sie erm\u00f6glichen es uns, die Anzahl der Nutzer zu quantifizieren und somit die Messung und statistische Analyse der Nutzung des angebotenen Dienstes durch die Nutzer durchzuf\u00fchren. Zu diesem Zweck wird Ihr Surfverhalten auf unserer Website analysiert, um das Angebot an Produkten und Dienstleistungen f\u00fcr Sie zu verbessern. Google garantiert, dass die installierten Cookies keine pers\u00f6nlichen Daten enthalten und dass sie nur zum Zweck der Erfassung von Informationen zur Messung von Suchtrends, Nutzerpr\u00e4ferenzen, Website-Leistung, zugeh\u00f6riger Werbung, Nutzerstandort und anderem verwendet werden.<\/p>\n<p>In diesem Zusammenhang ist es wichtig, sich daran zu erinnern, dass die Erfassung dieser Informationen \u00fcber die Nutzung unserer Website von Google selbst in eigenem Namen durchgef\u00fchrt wird und die f\u00fcr diese Website verantwortliche Person zu keinem Zeitpunkt Zugriff auf diese Informationen hat. Der Betreiber dieser Website kann nur aggregierte Informationen einsehen, die von Google \u00fcber Google Analytics zur Verf\u00fcgung gestellt werden und die nicht mit einer IP-Adresse in Verbindung gebracht werden.<\/p>\n<p>Daher ist es direkt Google, das den Zweck der Verarbeitung und Verwendung der von Google Analytics gesammelten Informationen sowie den Betrieb und die Dauer des &#8222;Cookies&#8220; bestimmt.<\/p>\n<p>Weitere Informationen \u00fcber die von Google verwendeten Cookies finden Sie unter Arten von Cookies, die von Google verwendet werden. Google stellt seinen Dienst in \u00dcbereinstimmung mit seinen Allgemeinen Gesch\u00e4ftsbedingungen und seinen eigenen Datenschutzbestimmungen zur Verf\u00fcgung.<\/p>\n<p>2.4 Werbe-Cookies<\/p>\n<p>Dabei handelt es sich um Informationen \u00fcber das Nutzerverhalten, die durch die kontinuierliche Beobachtung der Surfgewohnheiten gewonnen werden und die es erm\u00f6glichen, ein spezifisches Profil zu erstellen, um darauf basierende Werbung anzuzeigen.<\/p>\n<p>2.5 Liste der von der Website verwendeten Cookies<\/p>\n<p>3. ZUSTIMMUNG ODER ABLEHNUNG VON COOKIES<\/p>\n<p>Wenn Sie mit den Cookies, die unsere Website verwendet und die die oben genannten Informationen sammeln, nicht einverstanden sind, k\u00f6nnen Sie deren Installation in den Cookie-Einstellungen auf dieser Website ablehnen. Dieses Panel ist \u00fcber das Pop-up-Fenster &#8222;Akzeptanz\/Cookie-Einstellungen&#8220; zug\u00e4nglich, wenn Sie die Website zum ersten Mal aufrufen, und, sobald Sie sie eingestellt haben, \u00fcber die Registerkarte &#8222;Cookie-Richtlinie&#8220;, die sich unten rechts auf der Website befindet.<\/p>\n<p>Ebenso verf\u00fcgen alle Browser \u00fcber eigene Tools, um die von verschiedenen Websites verwendeten Cookies generell zu blockieren. Sie k\u00f6nnen \u00fcberpr\u00fcfen, wie Sie diese Optionen in den g\u00e4ngigsten Browsern wie Google Chrome, Internet Explorer, Mozilla Firefox, Safari oder Opera konfigurieren k\u00f6nnen.<\/p>\n<p>[\/et_pb_text][\/et_pb_column][\/et_pb_row][\/et_pb_section]<\/p>\n","protected":false},"excerpt":{"rendered":"<p>CookiesCOOKIES1. DEN F\u00dcR DIE DATENVERARBEITUNG VERANTWORTLICHEN Identit\u00e4t: ARIAMAN DECO SERVICE, S.L. (im Folgenden als Anbieter oder ARIAMAN bezeichnet) MEHRWERTSTEUER-NR.: B44775088 Postanschrift: Calle Hierro 9 puerta B de Colmenar Viejo (Madrid, Spanien) E-Mail: info@ariaman.es Unsere Website verwendet Cookies und\/oder \u00e4hnliche Technologien, die Informationen speichern und abrufen, wenn Sie surfen. Diese Technologien dienen verschiedenen Zwecken, wie z. [&hellip;]<\/p>\n","protected":false},"author":1,"featured_media":1840,"parent":0,"menu_order":0,"comment_status":"closed","ping_status":"closed","template":"","meta":{"_et_pb_use_builder":"on","_et_pb_old_content":"","_et_gb_content_width":"","footnotes":""},"class_list":["post-2028","page","type-page","status-publish","has-post-thumbnail","hentry"],"yoast_head":"<!-- This site is optimized with the Yoast SEO Premium plugin v24.9 (Yoast SEO v27.4) - https:\/\/yoast.com\/product\/yoast-seo-premium-wordpress\/ -->\n<title>Cookies | Ariaman Ebanister\u00eda Avanzada<\/title>\n<meta name=\"robots\" content=\"noindex, nofollow\" \/>\n<meta property=\"og:locale\" content=\"de_DE\" \/>\n<meta property=\"og:type\" content=\"article\" \/>\n<meta property=\"og:title\" content=\"Cookies\" \/>\n<meta property=\"og:description\" content=\"CookiesCOOKIES1. DEN F\u00dcR DIE DATENVERARBEITUNG VERANTWORTLICHEN Identit\u00e4t: ARIAMAN DECO SERVICE, S.L. (im Folgenden als Anbieter oder ARIAMAN bezeichnet) MEHRWERTSTEUER-NR.: B44775088 Postanschrift: Calle Hierro 9 puerta B de Colmenar Viejo (Madrid, Spanien) E-Mail: info@ariaman.es Unsere Website verwendet Cookies und\/oder \u00e4hnliche Technologien, die Informationen speichern und abrufen, wenn Sie surfen. Diese Technologien dienen verschiedenen Zwecken, wie z. [&hellip;]\" \/>\n<meta property=\"og:url\" content=\"https:\/\/ariaman.es\/de\/cookies\/\" \/>\n<meta property=\"og:site_name\" content=\"Ariaman\" \/>\n<meta property=\"article:modified_time\" content=\"2023-10-19T10:16:01+00:00\" \/>\n<meta property=\"og:image\" content=\"https:\/\/ariaman.es\/wp-content\/uploads\/2023\/09\/metodologia-ariaman-1.jpg\" \/>\n\t<meta property=\"og:image:width\" content=\"1000\" \/>\n\t<meta property=\"og:image:height\" content=\"469\" \/>\n\t<meta property=\"og:image:type\" content=\"image\/jpeg\" \/>\n<meta name=\"twitter:card\" content=\"summary_large_image\" \/>\n<meta name=\"twitter:label1\" content=\"Gesch\u00e4tzte Lesezeit\" \/>\n\t<meta name=\"twitter:data1\" content=\"6\u00a0Minuten\" \/>\n<script type=\"application\/ld+json\" class=\"yoast-schema-graph\">{\"@context\":\"https:\\\/\\\/schema.org\",\"@graph\":[{\"@type\":\"WebPage\",\"@id\":\"https:\\\/\\\/ariaman.es\\\/de\\\/cookies\\\/\",\"url\":\"https:\\\/\\\/ariaman.es\\\/de\\\/cookies\\\/\",\"name\":\"Cookies | Ariaman Ebanister\u00eda Avanzada\",\"isPartOf\":{\"@id\":\"https:\\\/\\\/ariaman.es\\\/de\\\/#website\"},\"primaryImageOfPage\":{\"@id\":\"https:\\\/\\\/ariaman.es\\\/de\\\/cookies\\\/#primaryimage\"},\"image\":{\"@id\":\"https:\\\/\\\/ariaman.es\\\/de\\\/cookies\\\/#primaryimage\"},\"thumbnailUrl\":\"https:\\\/\\\/ariaman.es\\\/wp-content\\\/uploads\\\/2023\\\/09\\\/metodologia-ariaman-1.jpg\",\"datePublished\":\"2023-09-22T13:57:46+00:00\",\"dateModified\":\"2023-10-19T10:16:01+00:00\",\"breadcrumb\":{\"@id\":\"https:\\\/\\\/ariaman.es\\\/de\\\/cookies\\\/#breadcrumb\"},\"inLanguage\":\"de\",\"potentialAction\":[{\"@type\":\"ReadAction\",\"target\":[\"https:\\\/\\\/ariaman.es\\\/de\\\/cookies\\\/\"]}]},{\"@type\":\"ImageObject\",\"inLanguage\":\"de\",\"@id\":\"https:\\\/\\\/ariaman.es\\\/de\\\/cookies\\\/#primaryimage\",\"url\":\"https:\\\/\\\/ariaman.es\\\/wp-content\\\/uploads\\\/2023\\\/09\\\/metodologia-ariaman-1.jpg\",\"contentUrl\":\"https:\\\/\\\/ariaman.es\\\/wp-content\\\/uploads\\\/2023\\\/09\\\/metodologia-ariaman-1.jpg\",\"width\":1000,\"height\":469},{\"@type\":\"BreadcrumbList\",\"@id\":\"https:\\\/\\\/ariaman.es\\\/de\\\/cookies\\\/#breadcrumb\",\"itemListElement\":[{\"@type\":\"ListItem\",\"position\":1,\"name\":\"Home\",\"item\":\"https:\\\/\\\/ariaman.es\\\/de\\\/home\\\/\"},{\"@type\":\"ListItem\",\"position\":2,\"name\":\"Cookies\"}]},{\"@type\":\"WebSite\",\"@id\":\"https:\\\/\\\/ariaman.es\\\/de\\\/#website\",\"url\":\"https:\\\/\\\/ariaman.es\\\/de\\\/\",\"name\":\"Ariaman Ebanister\u00eda Avanzada\",\"description\":\"Ebanister\u00eda Avanzada en Madrid\",\"potentialAction\":[{\"@type\":\"SearchAction\",\"target\":{\"@type\":\"EntryPoint\",\"urlTemplate\":\"https:\\\/\\\/ariaman.es\\\/de\\\/?s={search_term_string}\"},\"query-input\":{\"@type\":\"PropertyValueSpecification\",\"valueRequired\":true,\"valueName\":\"search_term_string\"}}],\"inLanguage\":\"de\"}]}<\/script>\n<!-- \/ Yoast SEO Premium plugin. -->","yoast_head_json":{"title":"Cookies | Ariaman Ebanister\u00eda Avanzada","robots":{"index":"noindex","follow":"nofollow"},"og_locale":"de_DE","og_type":"article","og_title":"Cookies","og_description":"CookiesCOOKIES1. DEN F\u00dcR DIE DATENVERARBEITUNG VERANTWORTLICHEN Identit\u00e4t: ARIAMAN DECO SERVICE, S.L. (im Folgenden als Anbieter oder ARIAMAN bezeichnet) MEHRWERTSTEUER-NR.: B44775088 Postanschrift: Calle Hierro 9 puerta B de Colmenar Viejo (Madrid, Spanien) E-Mail: info@ariaman.es Unsere Website verwendet Cookies und\/oder \u00e4hnliche Technologien, die Informationen speichern und abrufen, wenn Sie surfen. Diese Technologien dienen verschiedenen Zwecken, wie z. [&hellip;]","og_url":"https:\/\/ariaman.es\/de\/cookies\/","og_site_name":"Ariaman","article_modified_time":"2023-10-19T10:16:01+00:00","og_image":[{"width":1000,"height":469,"url":"https:\/\/ariaman.es\/wp-content\/uploads\/2023\/09\/metodologia-ariaman-1.jpg","type":"image\/jpeg"}],"twitter_card":"summary_large_image","twitter_misc":{"Gesch\u00e4tzte Lesezeit":"6\u00a0Minuten"},"schema":{"@context":"https:\/\/schema.org","@graph":[{"@type":"WebPage","@id":"https:\/\/ariaman.es\/de\/cookies\/","url":"https:\/\/ariaman.es\/de\/cookies\/","name":"Cookies | Ariaman Ebanister\u00eda Avanzada","isPartOf":{"@id":"https:\/\/ariaman.es\/de\/#website"},"primaryImageOfPage":{"@id":"https:\/\/ariaman.es\/de\/cookies\/#primaryimage"},"image":{"@id":"https:\/\/ariaman.es\/de\/cookies\/#primaryimage"},"thumbnailUrl":"https:\/\/ariaman.es\/wp-content\/uploads\/2023\/09\/metodologia-ariaman-1.jpg","datePublished":"2023-09-22T13:57:46+00:00","dateModified":"2023-10-19T10:16:01+00:00","breadcrumb":{"@id":"https:\/\/ariaman.es\/de\/cookies\/#breadcrumb"},"inLanguage":"de","potentialAction":[{"@type":"ReadAction","target":["https:\/\/ariaman.es\/de\/cookies\/"]}]},{"@type":"ImageObject","inLanguage":"de","@id":"https:\/\/ariaman.es\/de\/cookies\/#primaryimage","url":"https:\/\/ariaman.es\/wp-content\/uploads\/2023\/09\/metodologia-ariaman-1.jpg","contentUrl":"https:\/\/ariaman.es\/wp-content\/uploads\/2023\/09\/metodologia-ariaman-1.jpg","width":1000,"height":469},{"@type":"BreadcrumbList","@id":"https:\/\/ariaman.es\/de\/cookies\/#breadcrumb","itemListElement":[{"@type":"ListItem","position":1,"name":"Home","item":"https:\/\/ariaman.es\/de\/home\/"},{"@type":"ListItem","position":2,"name":"Cookies"}]},{"@type":"WebSite","@id":"https:\/\/ariaman.es\/de\/#website","url":"https:\/\/ariaman.es\/de\/","name":"Ariaman Ebanister\u00eda Avanzada","description":"Ebanister\u00eda Avanzada en Madrid","potentialAction":[{"@type":"SearchAction","target":{"@type":"EntryPoint","urlTemplate":"https:\/\/ariaman.es\/de\/?s={search_term_string}"},"query-input":{"@type":"PropertyValueSpecification","valueRequired":true,"valueName":"search_term_string"}}],"inLanguage":"de"}]}},"_links":{"self":[{"href":"https:\/\/ariaman.es\/de\/wp-json\/wp\/v2\/pages\/2028","targetHints":{"allow":["GET"]}}],"collection":[{"href":"https:\/\/ariaman.es\/de\/wp-json\/wp\/v2\/pages"}],"about":[{"href":"https:\/\/ariaman.es\/de\/wp-json\/wp\/v2\/types\/page"}],"author":[{"embeddable":true,"href":"https:\/\/ariaman.es\/de\/wp-json\/wp\/v2\/users\/1"}],"replies":[{"embeddable":true,"href":"https:\/\/ariaman.es\/de\/wp-json\/wp\/v2\/comments?post=2028"}],"version-history":[{"count":2,"href":"https:\/\/ariaman.es\/de\/wp-json\/wp\/v2\/pages\/2028\/revisions"}],"predecessor-version":[{"id":2030,"href":"https:\/\/ariaman.es\/de\/wp-json\/wp\/v2\/pages\/2028\/revisions\/2030"}],"wp:featuredmedia":[{"embeddable":true,"href":"https:\/\/ariaman.es\/de\/wp-json\/wp\/v2\/media\/1840"}],"wp:attachment":[{"href":"https:\/\/ariaman.es\/de\/wp-json\/wp\/v2\/media?parent=2028"}],"curies":[{"name":"wp","href":"https:\/\/api.w.org\/{rel}","templated":true}]}}